{"id":160,"date":"2014-10-07T13:38:49","date_gmt":"2014-10-07T12:38:49","guid":{"rendered":"https:\/\/www.theam.com\/lentreprise-2\/"},"modified":"2020-02-27T13:51:35","modified_gmt":"2020-02-27T12:51:35","slug":"das-unternehmen","status":"publish","type":"page","link":"https:\/\/www.theam.com\/de\/das-unternehmen\/","title":{"rendered":"Das Unternehmen"},"content":{"rendered":"<h2><em>Neuer Standort, neue Fabrik !<\/em><\/h2>\n<p>Das Unternehmen\u00a0<strong>THEAM<\/strong> hat 2017 sein 40 j\u00e4hriges Bestehen gefeiert. Wir haben in die Zukunft investiert und unsere Produktionsanlage angepasst. So hei\u00dfen wir Sie nun auf einem 5300 m2 gro\u00dfen Gel\u00e4nde in der Gemeinde Sautron (in der N\u00e4he von Nantes) im D\u00e9partement Loire Atlantique willkommen, wo wir uns neu niedergelassen haben. Hier entdecken Sie unsere verschiedenen Zentren: Produktion, Schwei\u00dfen, Lackierung, Zusammenbau, Karosseriebau, Versand, Ersatzteillager, Verwaltung, Vertrieb,\u2026<\/p>\n<p><strong>Alle Betonf\u00f6rderb\u00e4nder werden am Standort in Frankreich produziert.<\/strong>.<\/p>\n<p>Wir versuchen eine L\u00f6sung anzubieten, die dem aktuellen wirtschaftlichen Kontext entspricht:\u00a0<strong><em>effizient und rentabel, innovativ und leistungsf\u00e4hig.<\/em><\/strong><\/p>\n<h2><b>Die Effizienz und Rentabilit\u00e4t des F\u00f6rderband Services<\/b><\/h2>\n<p>Die Serviceleistungen sind der Schl\u00fcssel f\u00fcr eine gr\u00f6\u00dfere Effizienz f\u00fcr die Kunden und eine bessere Rentabilit\u00e4t f\u00fcr die Gesch\u00e4ftsf\u00fchrer. Die Verwendung eines F\u00f6rderbands stellt einen Zeit- und Effizienzgewinn dar, der f\u00fcr die Benutzer eine bessere Rentabilit\u00e4t der Baustellen bewirkt. Eine zus\u00e4tzliche Zustellung am gleichen Tag oder ein paar eingesparte Stunden sind bares Geld wert. Was den Besitzer des F\u00f6rderbands anbelangt, gewinnt er durch die Vermietung zus\u00e4tzliches\u00a0<strong>Einkommen und bewirkt eine bessere Kundenzufriedenheit.<\/strong><\/p>\n<h2>\u00a0<b>\u00a0Die Innovation im Zentrum der Strategie von THEAM<\/b><\/h2>\n<p>Mit unserer Innovationsstrategie haben wir uns bei den weltweit gr\u00f6\u00dften Akteuren einen Ruf f\u00fcr Seriosit\u00e4t und Glaubw\u00fcrdigkeit gemacht. In der Tat bem\u00fchen wir uns, immer leistungsf\u00e4higere und sicherere F\u00f6rderb\u00e4nder bereitzustellen, um die Bed\u00fcrfnisse unserer Kunden bestm\u00f6glich zu erf\u00fcllen. So ist unsere derzeit neueste Innovation, der T3D16, einzigartig in seiner Art und hat bereits mehrere Unternehmen im In- und Ausland \u00fcberzeugt. Dieses F\u00f6rderband verf\u00fcgt zus\u00e4tzlich zur Teleskoptechnologie \u00fcber einen \u201e3D\u201c-Schurrenkopf\u201c und kann somit den Entladebereich vergr\u00f6\u00dfern (+ 35 % im Vergleich zu seinem Gegenst\u00fcck ohne 3D Rinne), Beton in Winkeln entladen, und kommt mit viel k\u00fcrzeren Abst\u00e4nden als herk\u00f6mmliche B\u00e4nder aus (7 Meter). Wir besch\u00e4ftigen uns mit den Problemen, mit denen Sie auf den Baustellen konfrontiert werden und sind immer auf der Suche nach Verbesserungen unter Einbeziehung Ihres Feedbacks aus der Praxis und unseres Planungsb\u00fcros.<\/p>\n<h2><b>Ein besser organisierter Kundenservice, um die Leistung Ihres F\u00f6rderbands zu garantieren<\/b><\/h2>\n<p>Da die Effizienz der THEAM Produkte nicht nur auf ihrer Herstellungsqualit\u00e4t und ihrer Konstruktion beruht, bieten wir auch eine Reihe von Serviceleistungen\u00a0<strong>Ein Team erfahrener Techniker<\/strong>\u00a0steht Ihnen zur Verf\u00fcgung \u2013 sowohl f\u00fcr Kundendienst-, Wartungs- als auch Ersatzteilbelange. Wir haben mehr als 3000 Artikelnummern auf Lager und antworten Ihnen noch am selben Tag bez\u00fcglich der Verf\u00fcgbarkeit und des Preises von Teilen f\u00fcr F\u00f6rderb\u00e4nder, Mischer, Sprider, ReCoDrive etc. Programmierung von Kundendienstinterventionen bei THEAM oder vor Ort, Pannenhilfe durch den Einsatz eines Netzwerks geschulter, kompetenter Kundendienst Au\u00dfenstellen in Frankreich, Pr\u00fcfung Ihrer Anlagen, Kontrolle Ihrer Leitungsmelder, pr\u00e4ventive und ausfallorientierte Wartung, Schulungen,\u2026<\/p>\n<p>&nbsp;<\/p>\n<p>Wir wollten als Zeichen unserer neuen Entwicklungsphase auch eine neue Internetseite anbieten, die attraktiver und umfassender ist<br \/>\nViel Spa\u00df beim Besuch unserer Website!<\/p>\n","protected":false},"excerpt":{"rendered":"<p>Neuer Standort, neue Fabrik ! Das Unternehmen\u00a0THEAM hat 2017 sein 40 j\u00e4hriges Bestehen gefeiert. Wir haben in die Zukunft investiert und &#8230;<\/p>\n","protected":false},"author":1,"featured_media":0,"parent":0,"menu_order":54,"comment_status":"open","ping_status":"open","template":"","meta":{"_acf_changed":false,"footnotes":""},"class_list":["post-160","page","type-page","status-publish","hentry"],"acf":[],"yoast_head":"<!-- This site is optimized with the Yoast SEO plugin v27.0 - https:\/\/yoast.com\/product\/yoast-seo-wordpress\/ -->\n<title>Das Unternehmen - Theam<\/title>\n<meta name=\"description\" content=\"Das Unternehmen THEAM hat 2017 sein 40 j\u00e4hriges Bestehen gefeiert. Wir haben in die Zukunft investiert und unsere Produktionsanlage angepasst. So hei\u00dfen wir Sie nun auf einem 5300 m2 gro\u00dfen Gel\u00e4nde in der Gemeinde Sautron (in der N\u00e4he von Nantes) im D\u00e9partement Loire Atlantique willkommen,\" \/>\n<meta name=\"robots\" content=\"index, follow, max-snippet:-1, max-image-preview:large, max-video-preview:-1\" \/>\n<link rel=\"canonical\" href=\"https:\/\/www.theam.com\/de\/das-unternehmen\/\" \/>\n<meta property=\"og:locale\" content=\"de_DE\" \/>\n<meta property=\"og:type\" content=\"article\" \/>\n<meta property=\"og:title\" content=\"Das Unternehmen - Theam\" \/>\n<meta property=\"og:description\" content=\"Das Unternehmen THEAM hat 2017 sein 40 j\u00e4hriges Bestehen gefeiert. Wir haben in die Zukunft investiert und unsere Produktionsanlage angepasst. So hei\u00dfen wir Sie nun auf einem 5300 m2 gro\u00dfen Gel\u00e4nde in der Gemeinde Sautron (in der N\u00e4he von Nantes) im D\u00e9partement Loire Atlantique willkommen,\" \/>\n<meta property=\"og:url\" content=\"https:\/\/www.theam.com\/de\/das-unternehmen\/\" \/>\n<meta property=\"og:site_name\" content=\"Theam\" \/>\n<meta property=\"article:publisher\" content=\"https:\/\/www.facebook.com\/theamfrance\/\" \/>\n<meta property=\"article:modified_time\" content=\"2020-02-27T12:51:35+00:00\" \/>\n<meta property=\"og:image\" content=\"https:\/\/www.theam.com\/wp-content\/uploads\/2019\/02\/12247946_977863475588112_5710759430290005186_o-2.jpg\" \/>\n\t<meta property=\"og:image:width\" content=\"2048\" \/>\n\t<meta property=\"og:image:height\" content=\"1152\" \/>\n\t<meta property=\"og:image:type\" content=\"image\/jpeg\" \/>\n<meta name=\"twitter:card\" content=\"summary_large_image\" \/>\n<meta name=\"twitter:label1\" content=\"Gesch\u00e4tzte Lesezeit\" \/>\n\t<meta name=\"twitter:data1\" content=\"3 Minuten\" \/>\n<script type=\"application\/ld+json\" class=\"yoast-schema-graph\">{\"@context\":\"https:\/\/schema.org\",\"@graph\":[{\"@type\":\"WebPage\",\"@id\":\"https:\/\/www.theam.com\/de\/das-unternehmen\/\",\"url\":\"https:\/\/www.theam.com\/de\/das-unternehmen\/\",\"name\":\"Das Unternehmen - Theam\",\"isPartOf\":{\"@id\":\"https:\/\/www.theam.com\/#website\"},\"datePublished\":\"2014-10-07T12:38:49+00:00\",\"dateModified\":\"2020-02-27T12:51:35+00:00\",\"description\":\"Das Unternehmen THEAM hat 2017 sein 40 j\u00e4hriges Bestehen gefeiert. Wir haben in die Zukunft investiert und unsere Produktionsanlage angepasst. So hei\u00dfen wir Sie nun auf einem 5300 m2 gro\u00dfen Gel\u00e4nde in der Gemeinde Sautron (in der N\u00e4he von Nantes) im D\u00e9partement Loire Atlantique willkommen,\",\"breadcrumb\":{\"@id\":\"https:\/\/www.theam.com\/de\/das-unternehmen\/#breadcrumb\"},\"inLanguage\":\"de-DE\",\"potentialAction\":[{\"@type\":\"ReadAction\",\"target\":[\"https:\/\/www.theam.com\/de\/das-unternehmen\/\"]}]},{\"@type\":\"BreadcrumbList\",\"@id\":\"https:\/\/www.theam.com\/de\/das-unternehmen\/#breadcrumb\",\"itemListElement\":[{\"@type\":\"ListItem\",\"position\":1,\"name\":\"Accueil\",\"item\":\"https:\/\/www.theam.com\/de\/\"},{\"@type\":\"ListItem\",\"position\":2,\"name\":\"Das Unternehmen\"}]},{\"@type\":\"WebSite\",\"@id\":\"https:\/\/www.theam.com\/#website\",\"url\":\"https:\/\/www.theam.com\/\",\"name\":\"Theam\",\"description\":\"Convoyeur de solutions\",\"potentialAction\":[{\"@type\":\"SearchAction\",\"target\":{\"@type\":\"EntryPoint\",\"urlTemplate\":\"https:\/\/www.theam.com\/?s={search_term_string}\"},\"query-input\":{\"@type\":\"PropertyValueSpecification\",\"valueRequired\":true,\"valueName\":\"search_term_string\"}}],\"inLanguage\":\"de-DE\"}]}<\/script>\n<!-- \/ Yoast SEO plugin. -->","yoast_head_json":{"title":"Das Unternehmen - Theam","description":"Das Unternehmen THEAM hat 2017 sein 40 j\u00e4hriges Bestehen gefeiert. Wir haben in die Zukunft investiert und unsere Produktionsanlage angepasst. So hei\u00dfen wir Sie nun auf einem 5300 m2 gro\u00dfen Gel\u00e4nde in der Gemeinde Sautron (in der N\u00e4he von Nantes) im D\u00e9partement Loire Atlantique willkommen,","robots":{"index":"index","follow":"follow","max-snippet":"max-snippet:-1","max-image-preview":"max-image-preview:large","max-video-preview":"max-video-preview:-1"},"canonical":"https:\/\/www.theam.com\/de\/das-unternehmen\/","og_locale":"de_DE","og_type":"article","og_title":"Das Unternehmen - Theam","og_description":"Das Unternehmen THEAM hat 2017 sein 40 j\u00e4hriges Bestehen gefeiert. Wir haben in die Zukunft investiert und unsere Produktionsanlage angepasst. So hei\u00dfen wir Sie nun auf einem 5300 m2 gro\u00dfen Gel\u00e4nde in der Gemeinde Sautron (in der N\u00e4he von Nantes) im D\u00e9partement Loire Atlantique willkommen,","og_url":"https:\/\/www.theam.com\/de\/das-unternehmen\/","og_site_name":"Theam","article_publisher":"https:\/\/www.facebook.com\/theamfrance\/","article_modified_time":"2020-02-27T12:51:35+00:00","og_image":[{"width":2048,"height":1152,"url":"https:\/\/www.theam.com\/wp-content\/uploads\/2019\/02\/12247946_977863475588112_5710759430290005186_o-2.jpg","type":"image\/jpeg"}],"twitter_card":"summary_large_image","twitter_misc":{"Gesch\u00e4tzte Lesezeit":"3 Minuten"},"schema":{"@context":"https:\/\/schema.org","@graph":[{"@type":"WebPage","@id":"https:\/\/www.theam.com\/de\/das-unternehmen\/","url":"https:\/\/www.theam.com\/de\/das-unternehmen\/","name":"Das Unternehmen - Theam","isPartOf":{"@id":"https:\/\/www.theam.com\/#website"},"datePublished":"2014-10-07T12:38:49+00:00","dateModified":"2020-02-27T12:51:35+00:00","description":"Das Unternehmen THEAM hat 2017 sein 40 j\u00e4hriges Bestehen gefeiert. Wir haben in die Zukunft investiert und unsere Produktionsanlage angepasst. So hei\u00dfen wir Sie nun auf einem 5300 m2 gro\u00dfen Gel\u00e4nde in der Gemeinde Sautron (in der N\u00e4he von Nantes) im D\u00e9partement Loire Atlantique willkommen,","breadcrumb":{"@id":"https:\/\/www.theam.com\/de\/das-unternehmen\/#breadcrumb"},"inLanguage":"de-DE","potentialAction":[{"@type":"ReadAction","target":["https:\/\/www.theam.com\/de\/das-unternehmen\/"]}]},{"@type":"BreadcrumbList","@id":"https:\/\/www.theam.com\/de\/das-unternehmen\/#breadcrumb","itemListElement":[{"@type":"ListItem","position":1,"name":"Accueil","item":"https:\/\/www.theam.com\/de\/"},{"@type":"ListItem","position":2,"name":"Das Unternehmen"}]},{"@type":"WebSite","@id":"https:\/\/www.theam.com\/#website","url":"https:\/\/www.theam.com\/","name":"Theam","description":"Convoyeur de solutions","potentialAction":[{"@type":"SearchAction","target":{"@type":"EntryPoint","urlTemplate":"https:\/\/www.theam.com\/?s={search_term_string}"},"query-input":{"@type":"PropertyValueSpecification","valueRequired":true,"valueName":"search_term_string"}}],"inLanguage":"de-DE"}]}},"_links":{"self":[{"href":"https:\/\/www.theam.com\/de\/wp-json\/wp\/v2\/pages\/160","targetHints":{"allow":["GET"]}}],"collection":[{"href":"https:\/\/www.theam.com\/de\/wp-json\/wp\/v2\/pages"}],"about":[{"href":"https:\/\/www.theam.com\/de\/wp-json\/wp\/v2\/types\/page"}],"author":[{"embeddable":true,"href":"https:\/\/www.theam.com\/de\/wp-json\/wp\/v2\/users\/1"}],"replies":[{"embeddable":true,"href":"https:\/\/www.theam.com\/de\/wp-json\/wp\/v2\/comments?post=160"}],"version-history":[{"count":33,"href":"https:\/\/www.theam.com\/de\/wp-json\/wp\/v2\/pages\/160\/revisions"}],"predecessor-version":[{"id":4645,"href":"https:\/\/www.theam.com\/de\/wp-json\/wp\/v2\/pages\/160\/revisions\/4645"}],"wp:attachment":[{"href":"https:\/\/www.theam.com\/de\/wp-json\/wp\/v2\/media?parent=160"}],"curies":[{"name":"wp","href":"https:\/\/api.w.org\/{rel}","templated":true}]}}