{"id":1633,"date":"2016-04-11T13:27:26","date_gmt":"2016-04-11T12:27:26","guid":{"rendered":"https:\/\/www.theam.com\/?page_id=1633"},"modified":"2022-02-16T10:13:11","modified_gmt":"2022-02-16T09:13:11","slug":"ersatzteile","status":"publish","type":"page","link":"https:\/\/www.theam.com\/de\/ersatzteile\/","title":{"rendered":"Ersatzteile"},"content":{"rendered":"<p>[vc_row][vc_column][vc_empty_space][vc_column_text]<\/p>\n<p style=\"text-align: left;\"><img loading=\"lazy\" decoding=\"async\" class=\"wp-image-3698 aligncenter\" src=\"https:\/\/www.theam.com\/wp-content\/uploads\/2019\/08\/parts_picto.png\" alt=\"\" width=\"219\" height=\"193\" \/><\/p>\n<p>&nbsp;<\/p>\n<ul>\n<li><strong>Zertifizierte Originalersatzteile,<\/strong>\u00a0um die Garantie der THEAM B\u00e4nder aufrechtzuerhalten.<\/li>\n<li><strong>Personalisierte technische\u00a0<\/strong>Beratung f\u00fcr jeden Kunden \u00fcber den Verkauf von Ersatzteilen: Wartung, Bandart,\u2026<\/li>\n<\/ul>\n<ul>\n<li>St\u00e4ndiger Vorrat von \u00fcber<strong>\u00a0\u00fcber 1500 Artikelnummern\u00a0<\/strong>f\u00fcr B\u00e4nder, Fahrmischer und Asphalt-F\u00f6rderschnecken.<\/li>\n<\/ul>\n<ul>\n<li>Exklusivit\u00e4t der Teile f\u00fcr die Drehschurre und die\u00a0<strong>ELCA\/IMET Funkger\u00e4te<\/strong><\/li>\n<\/ul>\n<ul>\n<li>Verf\u00fcgbarkeit der Teile\u00a0<strong>f\u00fcr alle Bandmodelle<\/strong>\u00a0seit mehr als 20 Jahren<\/li>\n<\/ul>\n<ul>\n<li>Verkauf von Teilen\u00a0<strong>f\u00fcr Fahrmischer ALLER MARKEN<\/strong>\u00a0(Beispiele: Wasserz\u00e4hler, Wasserpumpe, Verschlei\u00dfblech etc.)<\/li>\n<\/ul>\n<ul>\n<li>Lieferung der Teile binnen\u00a0<strong>24 oder 48 Stunden,<\/strong>\u00a0je nach Zone*<\/li>\n<\/ul>\n<address><em>* Au\u00dfer nicht vorr\u00e4tige Teile<\/em><\/address>\n<p>&nbsp;[\/vc_column_text][vc_empty_space][vc_separator][vc_empty_space][\/vc_column][\/vc_row][vc_row][vc_column][vc_column_text]<\/p>\n<h4 style=\"text-align: justify;\"><strong><span style=\"color: #ff6600;\">+33 (0)2 40 65 22 10 \/ <a href=\"&#x6d;&#x61;&#x69;&#x6c;&#116;&#111;:pa&#x72;&#x74;&#x73;&#x40;&#116;&#104;eam&#x2e;&#x63;&#x6f;&#x6d;\">parts&#64;&#116;&#104;&#101;&#97;&#109;&#46;&#99;&#x6f;&#x6d;<\/a><\/span><\/strong><\/h4>\n<h4 style=\"text-align: justify;\">\u00d6ffnungszeiten :<\/h4>\n<h4 style=\"text-align: justify;\">Montag bis Freitag von 7.15 Uhr bis 12.00 Uhr und von 13.30 Uhr bis 17.00 Uhr.<\/h4>\n<p>[\/vc_column_text][vc_empty_space][\/vc_column][\/vc_row]<\/p>\n","protected":false},"excerpt":{"rendered":"<p>[vc_row][vc_column][vc_empty_space][vc_column_text] &nbsp; Zertifizierte Originalersatzteile,\u00a0um die Garantie der THEAM B\u00e4nder aufrechtzuerhalten. Personalisierte technische\u00a0Beratung f\u00fcr jeden Kunden \u00fcber den Verkauf von Ersatzteilen: Wartung, &#8230;<\/p>\n","protected":false},"author":1,"featured_media":0,"parent":0,"menu_order":67,"comment_status":"closed","ping_status":"closed","template":"","meta":{"_acf_changed":false,"footnotes":""},"class_list":["post-1633","page","type-page","status-publish","hentry"],"acf":[],"yoast_head":"<!-- This site is optimized with the Yoast SEO plugin v27.4 - https:\/\/yoast.com\/product\/yoast-seo-wordpress\/ -->\n<title>Ersatzteile - Ersatzteile - Theam<\/title>\n<meta name=\"description\" content=\"Zertifizierte Originalersatzteile, um die Garantie der THEAM B\u00e4nder aufrechtzuerhalten. Personalisierte technische Beratung f\u00fcr jeden Kunden\" \/>\n<meta name=\"robots\" content=\"index, follow, max-snippet:-1, max-image-preview:large, max-video-preview:-1\" \/>\n<link rel=\"canonical\" href=\"https:\/\/www.theam.com\/pieces-de-rechange\/\" \/>\n<meta property=\"og:locale\" content=\"de_DE\" \/>\n<meta property=\"og:type\" content=\"article\" \/>\n<meta property=\"og:title\" content=\"Ersatzteile - Ersatzteile - Theam\" \/>\n<meta property=\"og:description\" content=\"Zertifizierte Originalersatzteile, um die Garantie der THEAM B\u00e4nder aufrechtzuerhalten. Personalisierte technische Beratung f\u00fcr jeden Kunden\" \/>\n<meta property=\"og:url\" content=\"https:\/\/www.theam.com\/pieces-de-rechange\/\" \/>\n<meta property=\"og:site_name\" content=\"Theam\" \/>\n<meta property=\"article:publisher\" content=\"https:\/\/www.facebook.com\/theamfrance\/\" \/>\n<meta property=\"article:modified_time\" content=\"2022-02-16T09:13:11+00:00\" \/>\n<meta property=\"og:image\" content=\"https:\/\/www.theam.com\/wp-content\/uploads\/2019\/08\/parts_picto.png\" \/>\n<meta name=\"twitter:card\" content=\"summary_large_image\" \/>\n<meta name=\"twitter:label1\" content=\"Gesch\u00e4tzte Lesezeit\" \/>\n\t<meta name=\"twitter:data1\" content=\"1 Minute\" \/>\n<script type=\"application\/ld+json\" class=\"yoast-schema-graph\">{\"@context\":\"https:\\\/\\\/schema.org\",\"@graph\":[{\"@type\":\"WebPage\",\"@id\":\"https:\\\/\\\/www.theam.com\\\/pieces-de-rechange\\\/\",\"url\":\"https:\\\/\\\/www.theam.com\\\/pieces-de-rechange\\\/\",\"name\":\"Ersatzteile - Ersatzteile - Theam\",\"isPartOf\":{\"@id\":\"https:\\\/\\\/www.theam.com\\\/#website\"},\"primaryImageOfPage\":{\"@id\":\"https:\\\/\\\/www.theam.com\\\/pieces-de-rechange\\\/#primaryimage\"},\"image\":{\"@id\":\"https:\\\/\\\/www.theam.com\\\/pieces-de-rechange\\\/#primaryimage\"},\"thumbnailUrl\":\"https:\\\/\\\/www.theam.com\\\/wp-content\\\/uploads\\\/2019\\\/08\\\/parts_picto.png\",\"datePublished\":\"2016-04-11T12:27:26+00:00\",\"dateModified\":\"2022-02-16T09:13:11+00:00\",\"description\":\"Zertifizierte Originalersatzteile, um die Garantie der THEAM B\u00e4nder aufrechtzuerhalten. Personalisierte technische Beratung f\u00fcr jeden Kunden\",\"breadcrumb\":{\"@id\":\"https:\\\/\\\/www.theam.com\\\/pieces-de-rechange\\\/#breadcrumb\"},\"inLanguage\":\"de-DE\",\"potentialAction\":[{\"@type\":\"ReadAction\",\"target\":[\"https:\\\/\\\/www.theam.com\\\/pieces-de-rechange\\\/\"]}]},{\"@type\":\"ImageObject\",\"inLanguage\":\"de-DE\",\"@id\":\"https:\\\/\\\/www.theam.com\\\/pieces-de-rechange\\\/#primaryimage\",\"url\":\"https:\\\/\\\/www.theam.com\\\/wp-content\\\/uploads\\\/2019\\\/08\\\/parts_picto.png\",\"contentUrl\":\"https:\\\/\\\/www.theam.com\\\/wp-content\\\/uploads\\\/2019\\\/08\\\/parts_picto.png\"},{\"@type\":\"BreadcrumbList\",\"@id\":\"https:\\\/\\\/www.theam.com\\\/pieces-de-rechange\\\/#breadcrumb\",\"itemListElement\":[{\"@type\":\"ListItem\",\"position\":1,\"name\":\"Accueil\",\"item\":\"https:\\\/\\\/www.theam.com\\\/de\\\/\"},{\"@type\":\"ListItem\",\"position\":2,\"name\":\"Ersatzteile\"}]},{\"@type\":\"WebSite\",\"@id\":\"https:\\\/\\\/www.theam.com\\\/#website\",\"url\":\"https:\\\/\\\/www.theam.com\\\/\",\"name\":\"Theam\",\"description\":\"Convoyeur de solutions\",\"potentialAction\":[{\"@type\":\"SearchAction\",\"target\":{\"@type\":\"EntryPoint\",\"urlTemplate\":\"https:\\\/\\\/www.theam.com\\\/?s={search_term_string}\"},\"query-input\":{\"@type\":\"PropertyValueSpecification\",\"valueRequired\":true,\"valueName\":\"search_term_string\"}}],\"inLanguage\":\"de-DE\"}]}<\/script>\n<!-- \/ Yoast SEO plugin. -->","yoast_head_json":{"title":"Ersatzteile - Ersatzteile - Theam","description":"Zertifizierte Originalersatzteile, um die Garantie der THEAM B\u00e4nder aufrechtzuerhalten. Personalisierte technische Beratung f\u00fcr jeden Kunden","robots":{"index":"index","follow":"follow","max-snippet":"max-snippet:-1","max-image-preview":"max-image-preview:large","max-video-preview":"max-video-preview:-1"},"canonical":"https:\/\/www.theam.com\/pieces-de-rechange\/","og_locale":"de_DE","og_type":"article","og_title":"Ersatzteile - Ersatzteile - Theam","og_description":"Zertifizierte Originalersatzteile, um die Garantie der THEAM B\u00e4nder aufrechtzuerhalten. Personalisierte technische Beratung f\u00fcr jeden Kunden","og_url":"https:\/\/www.theam.com\/pieces-de-rechange\/","og_site_name":"Theam","article_publisher":"https:\/\/www.facebook.com\/theamfrance\/","article_modified_time":"2022-02-16T09:13:11+00:00","og_image":[{"url":"https:\/\/www.theam.com\/wp-content\/uploads\/2019\/08\/parts_picto.png","type":"","width":"","height":""}],"twitter_card":"summary_large_image","twitter_misc":{"Gesch\u00e4tzte Lesezeit":"1 Minute"},"schema":{"@context":"https:\/\/schema.org","@graph":[{"@type":"WebPage","@id":"https:\/\/www.theam.com\/pieces-de-rechange\/","url":"https:\/\/www.theam.com\/pieces-de-rechange\/","name":"Ersatzteile - Ersatzteile - Theam","isPartOf":{"@id":"https:\/\/www.theam.com\/#website"},"primaryImageOfPage":{"@id":"https:\/\/www.theam.com\/pieces-de-rechange\/#primaryimage"},"image":{"@id":"https:\/\/www.theam.com\/pieces-de-rechange\/#primaryimage"},"thumbnailUrl":"https:\/\/www.theam.com\/wp-content\/uploads\/2019\/08\/parts_picto.png","datePublished":"2016-04-11T12:27:26+00:00","dateModified":"2022-02-16T09:13:11+00:00","description":"Zertifizierte Originalersatzteile, um die Garantie der THEAM B\u00e4nder aufrechtzuerhalten. Personalisierte technische Beratung f\u00fcr jeden Kunden","breadcrumb":{"@id":"https:\/\/www.theam.com\/pieces-de-rechange\/#breadcrumb"},"inLanguage":"de-DE","potentialAction":[{"@type":"ReadAction","target":["https:\/\/www.theam.com\/pieces-de-rechange\/"]}]},{"@type":"ImageObject","inLanguage":"de-DE","@id":"https:\/\/www.theam.com\/pieces-de-rechange\/#primaryimage","url":"https:\/\/www.theam.com\/wp-content\/uploads\/2019\/08\/parts_picto.png","contentUrl":"https:\/\/www.theam.com\/wp-content\/uploads\/2019\/08\/parts_picto.png"},{"@type":"BreadcrumbList","@id":"https:\/\/www.theam.com\/pieces-de-rechange\/#breadcrumb","itemListElement":[{"@type":"ListItem","position":1,"name":"Accueil","item":"https:\/\/www.theam.com\/de\/"},{"@type":"ListItem","position":2,"name":"Ersatzteile"}]},{"@type":"WebSite","@id":"https:\/\/www.theam.com\/#website","url":"https:\/\/www.theam.com\/","name":"Theam","description":"Convoyeur de solutions","potentialAction":[{"@type":"SearchAction","target":{"@type":"EntryPoint","urlTemplate":"https:\/\/www.theam.com\/?s={search_term_string}"},"query-input":{"@type":"PropertyValueSpecification","valueRequired":true,"valueName":"search_term_string"}}],"inLanguage":"de-DE"}]}},"_links":{"self":[{"href":"https:\/\/www.theam.com\/de\/wp-json\/wp\/v2\/pages\/1633","targetHints":{"allow":["GET"]}}],"collection":[{"href":"https:\/\/www.theam.com\/de\/wp-json\/wp\/v2\/pages"}],"about":[{"href":"https:\/\/www.theam.com\/de\/wp-json\/wp\/v2\/types\/page"}],"author":[{"embeddable":true,"href":"https:\/\/www.theam.com\/de\/wp-json\/wp\/v2\/users\/1"}],"replies":[{"embeddable":true,"href":"https:\/\/www.theam.com\/de\/wp-json\/wp\/v2\/comments?post=1633"}],"version-history":[{"count":18,"href":"https:\/\/www.theam.com\/de\/wp-json\/wp\/v2\/pages\/1633\/revisions"}],"predecessor-version":[{"id":5568,"href":"https:\/\/www.theam.com\/de\/wp-json\/wp\/v2\/pages\/1633\/revisions\/5568"}],"wp:attachment":[{"href":"https:\/\/www.theam.com\/de\/wp-json\/wp\/v2\/media?parent=1633"}],"curies":[{"name":"wp","href":"https:\/\/api.w.org\/{rel}","templated":true}]}}