{"id":5233,"date":"2021-11-09T08:44:51","date_gmt":"2021-11-09T07:44:51","guid":{"rendered":"https:\/\/www.theam.com\/?page_id=5233"},"modified":"2023-09-13T10:40:17","modified_gmt":"2023-09-13T09:40:17","slug":"theam-assist","status":"publish","type":"page","link":"https:\/\/www.theam.com\/de\/theam-assist\/","title":{"rendered":"Theam Assist"},"content":{"rendered":"<p>[vc_row][vc_column][vc_empty_space height=&#8221;16px&#8221;][vc_single_image image=&#8221;5636&#8243; img_size=&#8221;full&#8221;][vc_empty_space][vc_column_text]Wenn Sie bei Theam kaufen, schenken Sie einem Spezialisten f\u00fcr Materialtransport Ihr Vertrauen.<\/p>\n<p>Deshalb legen wir gro\u00dfen Wert darauf, dass unser Service genauso gut ist wie unsere Produkte. Ganz gleich, ob Sie technische Unterst\u00fctzung, Originalteile oder Schulungen ben\u00f6tigen, unsere Techniker stehen bereit, um Ihre Erwartungen zu erf\u00fcllen.<\/p>\n<p>Da Ihre Sicherheit und Rentabilit\u00e4t f\u00fcr uns an erster Stelle stehen, bietet Theam Assist Ihnen personalisierte Dienstleistungen von Experten.[\/vc_column_text][vc_empty_space][\/vc_column][\/vc_row][vc_row][vc_column][vc_single_image image=&#8221;5647&#8243; img_size=&#8221;full&#8221; alignment=&#8221;center&#8221;][\/vc_column][\/vc_row][vc_row gap=&#8221;2&#8243; equal_height=&#8221;yes&#8221; content_placement=&#8221;middle&#8221;][vc_column width=&#8221;1\/3&#8243;][vc_single_image image=&#8221;5639&#8243; img_size=&#8221;full&#8221; alignment=&#8221;center&#8221;][\/vc_column][vc_column width=&#8221;1\/3&#8243;][vc_single_image image=&#8221;5290&#8243; img_size=&#8221;full&#8221; alignment=&#8221;center&#8221;][\/vc_column][vc_column width=&#8221;1\/3&#8243;][vc_single_image image=&#8221;5286&#8243; img_size=&#8221;full&#8221; alignment=&#8221;center&#8221;][\/vc_column][\/vc_row][vc_row gap=&#8221;2&#8243; equal_height=&#8221;yes&#8221;][vc_column][vc_empty_space][vc_tta_accordion c_icon=&#8221;triangle&#8221; active_section=&#8221;none&#8221; collapsible_all=&#8221;true&#8221;][vc_tta_section title=&#8221;Theam Assist &#8211; Ma\u00dfgeschneiderte technische L\u00f6sungen f\u00fcr Wartung, Instandhaltung usw.&#8221; tab_id=&#8221;1636011444430-1c1888d9-2fab&#8221;][vc_column_text]Brauchen Sie Hilfe? Soll eine Intervention geplant werden? Ein unerwartetes Ereignis? Eine Frage?<\/p>\n<p>Unser Theam-Support bietet Ihnen personalisierte Dienstleistungen und technische L\u00f6sungen f\u00fcr Ihre Probleme. Eingriffe sind in unseren Werkst\u00e4tten oder bei unseren Kunden vor Ort m\u00f6glich.<\/p>\n<p>Rufen Sie unsere Experten unter +33 2 40 65 22 10 an, oder senden Sie ein E-mail at &#x63;&#111;&#110;&#x74;&#x61;&#99;&#116;&#x40;&#x74;&#104;&#101;&#x61;&#x6d;&#46;&#99;&#x6f;&#x6d;.[\/vc_column_text][vc_empty_space height=&#8221;16px&#8221;][\/vc_tta_section][vc_tta_section title=&#8221;Theam Parts &#8211; 1.500 Referenzen von Ersatzteilen f\u00fcr alle Ihre Bed\u00fcrfnisse: B\u00e4nder, Mischer aller Marken, etc.&#8221; tab_id=&#8221;1636011444431-1a3717e0-71fa&#8221;][vc_column_text]In unserem Shop bieten Ihnen unsere Berater mehr als 1500 Referenzen von Ersatzteilen f\u00fcr Mischer aller Marken und f\u00fcr alle Versionen von F\u00f6rderb\u00e4nder. Nutzen Sie deren Erfahrung und profitieren Sie von einer pers\u00f6nlichen Beratung unter Wahrung Ihrer Garantie.<\/p>\n<p>Weitere Informationen erhalten Sie unter der Rufnummer +33 2 40 65 22 10 oder senden Sie ein e-mail : &#x63;&#111;&#110;t&#x61;&#x63;&#116;&#64;&#x74;&#x68;&#101;am&#x2e;&#99;&#111;m[\/vc_column_text][vc_empty_space height=&#8221;16px&#8221;][\/vc_tta_section][vc_tta_section title=&#8221;Theam Formation &#8211; Lernen Sie, wie Sie Ihre Ausr\u00fcstung optimal nutzen k\u00f6nnen&#8221; tab_id=&#8221;1636011444432-803f557e-109c&#8221;][vc_column_text]Ein kompletter Schulungsservice f\u00fcr alle unsere Produkte (Beton, Asphalt, Zuschlagstoffe usw.), damit Sie Ihre neue Ausr\u00fcstung in aller Sicherheit beherrschen und optimal nutzen k\u00f6nnen.<\/p>\n<p>Wenn Sie sich \u00fcber alle unsere Schulungskurse informieren m\u00f6chten, kontaktieren Sie uns per E-Mail unter &#x63;o&#x6e;&#116;&#x61;&#x63;t&#x40;&#116;&#x68;&#x65;a&#x6d;&#46;&#x63;&#x6f;m.[\/vc_column_text][vc_empty_space height=&#8221;16px&#8221;][\/vc_tta_section][\/vc_tta_accordion][\/vc_column][\/vc_row][vc_row][vc_column][vc_column_text]Und au\u00dferdem:<\/p>\n<p><strong><span style=\"color: #ea5b0c;\">ERSTELLUNG VON MASSGESCHNEIDERTEM KOMMUNIKATIONSMATERIAL<\/span><\/strong><br \/>\nUnsere Marketingabteilung kann Ihnen bei der Erstellung von Brosch\u00fcren, Flyern und anderen Werbematerialien helfen, die auf Ihr Unternehmen zugeschnitten sind, und den Verkauf Ihrer Dienstleistungen f\u00f6rdern.<\/p>\n<p>&nbsp;<\/p>\n<p><strong><span style=\"color: #ea5b0c;\">THEAM IST F\u00dcR SIE DA!<\/span><\/strong><br \/>\nZ\u00f6gern Sie nicht, uns Ihre Meinung mitzuteilen oder uns Ihre Vorschl\u00e4ge mitzuteilen: co&#110;&#116;&#x61;&#x63;&#x74;&#x40;th&#101;&#97;&#x6d;&#x2e;&#x63;&#x6f;m[\/vc_column_text][\/vc_column][\/vc_row][vc_row][vc_column][vc_empty_space][\/vc_column][\/vc_row]<\/p>\n","protected":false},"excerpt":{"rendered":"<p>[vc_row][vc_column][vc_empty_space height=&#8221;16px&#8221;][vc_single_image image=&#8221;5636&#8243; img_size=&#8221;full&#8221;][vc_empty_space][vc_column_text]Wenn Sie bei Theam kaufen, schenken Sie einem Spezialisten f\u00fcr Materialtransport Ihr Vertrauen. Deshalb legen wir gro\u00dfen Wert &#8230;<\/p>\n","protected":false},"author":1,"featured_media":0,"parent":0,"menu_order":0,"comment_status":"closed","ping_status":"closed","template":"","meta":{"_acf_changed":false,"footnotes":""},"class_list":["post-5233","page","type-page","status-publish","hentry"],"acf":[],"yoast_head":"<!-- This site is optimized with the Yoast SEO plugin v27.4 - https:\/\/yoast.com\/product\/yoast-seo-wordpress\/ -->\n<title>Theam Assist - Theam<\/title>\n<meta name=\"description\" content=\"Theam Assist hilft ihnen, den Einsatz von Betonf\u00f6rderb\u00e4ndern zu optimieren: Unterst\u00fctzung, Sicherheit, Wartung, Schulung, Ersatzteile...\" \/>\n<meta name=\"robots\" content=\"index, follow, max-snippet:-1, max-image-preview:large, max-video-preview:-1\" \/>\n<link rel=\"canonical\" href=\"https:\/\/www.theam.com\/de\/theam-assist\/\" \/>\n<meta property=\"og:locale\" content=\"de_DE\" \/>\n<meta property=\"og:type\" content=\"article\" \/>\n<meta property=\"og:title\" content=\"Theam Assist - Theam\" \/>\n<meta property=\"og:description\" content=\"Theam Assist hilft ihnen, den Einsatz von Betonf\u00f6rderb\u00e4ndern zu optimieren: Unterst\u00fctzung, Sicherheit, Wartung, Schulung, Ersatzteile...\" \/>\n<meta property=\"og:url\" content=\"https:\/\/www.theam.com\/de\/theam-assist\/\" \/>\n<meta property=\"og:site_name\" content=\"Theam\" \/>\n<meta property=\"article:publisher\" content=\"https:\/\/www.facebook.com\/theamfrance\/\" \/>\n<meta property=\"article:modified_time\" content=\"2023-09-13T09:40:17+00:00\" \/>\n<meta property=\"og:image\" content=\"https:\/\/www.theam.com\/wp-content\/uploads\/2019\/02\/12247946_977863475588112_5710759430290005186_o-2.jpg\" \/>\n\t<meta property=\"og:image:width\" content=\"2048\" \/>\n\t<meta property=\"og:image:height\" content=\"1152\" \/>\n\t<meta property=\"og:image:type\" content=\"image\/jpeg\" \/>\n<meta name=\"twitter:card\" content=\"summary_large_image\" \/>\n<meta name=\"twitter:label1\" content=\"Gesch\u00e4tzte Lesezeit\" \/>\n\t<meta name=\"twitter:data1\" content=\"3 Minuten\" \/>\n<script type=\"application\/ld+json\" class=\"yoast-schema-graph\">{\"@context\":\"https:\\\/\\\/schema.org\",\"@graph\":[{\"@type\":\"WebPage\",\"@id\":\"https:\\\/\\\/www.theam.com\\\/de\\\/theam-assist\\\/\",\"url\":\"https:\\\/\\\/www.theam.com\\\/de\\\/theam-assist\\\/\",\"name\":\"Theam Assist - Theam\",\"isPartOf\":{\"@id\":\"https:\\\/\\\/www.theam.com\\\/#website\"},\"datePublished\":\"2021-11-09T07:44:51+00:00\",\"dateModified\":\"2023-09-13T09:40:17+00:00\",\"description\":\"Theam Assist hilft ihnen, den Einsatz von Betonf\u00f6rderb\u00e4ndern zu optimieren: Unterst\u00fctzung, Sicherheit, Wartung, Schulung, Ersatzteile...\",\"breadcrumb\":{\"@id\":\"https:\\\/\\\/www.theam.com\\\/de\\\/theam-assist\\\/#breadcrumb\"},\"inLanguage\":\"de-DE\",\"potentialAction\":[{\"@type\":\"ReadAction\",\"target\":[\"https:\\\/\\\/www.theam.com\\\/de\\\/theam-assist\\\/\"]}]},{\"@type\":\"BreadcrumbList\",\"@id\":\"https:\\\/\\\/www.theam.com\\\/de\\\/theam-assist\\\/#breadcrumb\",\"itemListElement\":[{\"@type\":\"ListItem\",\"position\":1,\"name\":\"Accueil\",\"item\":\"https:\\\/\\\/www.theam.com\\\/de\\\/\"},{\"@type\":\"ListItem\",\"position\":2,\"name\":\"Theam Assist\"}]},{\"@type\":\"WebSite\",\"@id\":\"https:\\\/\\\/www.theam.com\\\/#website\",\"url\":\"https:\\\/\\\/www.theam.com\\\/\",\"name\":\"Theam\",\"description\":\"Convoyeur de solutions\",\"potentialAction\":[{\"@type\":\"SearchAction\",\"target\":{\"@type\":\"EntryPoint\",\"urlTemplate\":\"https:\\\/\\\/www.theam.com\\\/?s={search_term_string}\"},\"query-input\":{\"@type\":\"PropertyValueSpecification\",\"valueRequired\":true,\"valueName\":\"search_term_string\"}}],\"inLanguage\":\"de-DE\"}]}<\/script>\n<!-- \/ Yoast SEO plugin. -->","yoast_head_json":{"title":"Theam Assist - Theam","description":"Theam Assist hilft ihnen, den Einsatz von Betonf\u00f6rderb\u00e4ndern zu optimieren: Unterst\u00fctzung, Sicherheit, Wartung, Schulung, Ersatzteile...","robots":{"index":"index","follow":"follow","max-snippet":"max-snippet:-1","max-image-preview":"max-image-preview:large","max-video-preview":"max-video-preview:-1"},"canonical":"https:\/\/www.theam.com\/de\/theam-assist\/","og_locale":"de_DE","og_type":"article","og_title":"Theam Assist - Theam","og_description":"Theam Assist hilft ihnen, den Einsatz von Betonf\u00f6rderb\u00e4ndern zu optimieren: Unterst\u00fctzung, Sicherheit, Wartung, Schulung, Ersatzteile...","og_url":"https:\/\/www.theam.com\/de\/theam-assist\/","og_site_name":"Theam","article_publisher":"https:\/\/www.facebook.com\/theamfrance\/","article_modified_time":"2023-09-13T09:40:17+00:00","og_image":[{"width":2048,"height":1152,"url":"https:\/\/www.theam.com\/wp-content\/uploads\/2019\/02\/12247946_977863475588112_5710759430290005186_o-2.jpg","type":"image\/jpeg"}],"twitter_card":"summary_large_image","twitter_misc":{"Gesch\u00e4tzte Lesezeit":"3 Minuten"},"schema":{"@context":"https:\/\/schema.org","@graph":[{"@type":"WebPage","@id":"https:\/\/www.theam.com\/de\/theam-assist\/","url":"https:\/\/www.theam.com\/de\/theam-assist\/","name":"Theam Assist - Theam","isPartOf":{"@id":"https:\/\/www.theam.com\/#website"},"datePublished":"2021-11-09T07:44:51+00:00","dateModified":"2023-09-13T09:40:17+00:00","description":"Theam Assist hilft ihnen, den Einsatz von Betonf\u00f6rderb\u00e4ndern zu optimieren: Unterst\u00fctzung, Sicherheit, Wartung, Schulung, Ersatzteile...","breadcrumb":{"@id":"https:\/\/www.theam.com\/de\/theam-assist\/#breadcrumb"},"inLanguage":"de-DE","potentialAction":[{"@type":"ReadAction","target":["https:\/\/www.theam.com\/de\/theam-assist\/"]}]},{"@type":"BreadcrumbList","@id":"https:\/\/www.theam.com\/de\/theam-assist\/#breadcrumb","itemListElement":[{"@type":"ListItem","position":1,"name":"Accueil","item":"https:\/\/www.theam.com\/de\/"},{"@type":"ListItem","position":2,"name":"Theam Assist"}]},{"@type":"WebSite","@id":"https:\/\/www.theam.com\/#website","url":"https:\/\/www.theam.com\/","name":"Theam","description":"Convoyeur de solutions","potentialAction":[{"@type":"SearchAction","target":{"@type":"EntryPoint","urlTemplate":"https:\/\/www.theam.com\/?s={search_term_string}"},"query-input":{"@type":"PropertyValueSpecification","valueRequired":true,"valueName":"search_term_string"}}],"inLanguage":"de-DE"}]}},"_links":{"self":[{"href":"https:\/\/www.theam.com\/de\/wp-json\/wp\/v2\/pages\/5233","targetHints":{"allow":["GET"]}}],"collection":[{"href":"https:\/\/www.theam.com\/de\/wp-json\/wp\/v2\/pages"}],"about":[{"href":"https:\/\/www.theam.com\/de\/wp-json\/wp\/v2\/types\/page"}],"author":[{"embeddable":true,"href":"https:\/\/www.theam.com\/de\/wp-json\/wp\/v2\/users\/1"}],"replies":[{"embeddable":true,"href":"https:\/\/www.theam.com\/de\/wp-json\/wp\/v2\/comments?post=5233"}],"version-history":[{"count":9,"href":"https:\/\/www.theam.com\/de\/wp-json\/wp\/v2\/pages\/5233\/revisions"}],"predecessor-version":[{"id":6065,"href":"https:\/\/www.theam.com\/de\/wp-json\/wp\/v2\/pages\/5233\/revisions\/6065"}],"wp:attachment":[{"href":"https:\/\/www.theam.com\/de\/wp-json\/wp\/v2\/media?parent=5233"}],"curies":[{"name":"wp","href":"https:\/\/api.w.org\/{rel}","templated":true}]}}