{"id":5434,"date":"2021-11-18T16:57:31","date_gmt":"2021-11-18T15:57:31","guid":{"rendered":"https:\/\/www.theam.com\/waehlen-sie-ihre-betonfoerderloesung-richtig-aus\/"},"modified":"2023-07-24T16:20:24","modified_gmt":"2023-07-24T15:20:24","slug":"waehlen-sie-ihre-betonfoerderloesung-richtig-aus","status":"publish","type":"page","link":"https:\/\/www.theam.com\/de\/waehlen-sie-ihre-betonfoerderloesung-richtig-aus\/","title":{"rendered":"W\u00e4hlen Sie Ihre Betonf\u00f6rderl\u00f6sung richtig aus"},"content":{"rendered":"<p>[vc_row][vc_column][vc_empty_space height=&#8221;10&#8243;][vc_column_text]<\/p>\n<h2>W\u00e4hlen Sie Ihre Betonf\u00f6rderl\u00f6sung richtig aus<\/h2>\n<p>Unser breites Angebot an Theam Beton deckt alle Arten von Bed\u00fcrfnissen ab, wenn es um die Lieferung von Beton \u00fcber kurze oder mittlere Entfernungen geht. Die folgende Tabelle wurde entwickelt, um Ihnen bei der Auswahl des F\u00f6rderers zu helfen, der Ihren spezifischen Anforderungen am besten entspricht.<\/p>\n<p>Um zu verstehen, wie diese Klassifizierung zustande kam, und um weitere Informationen zu den Kriterien zu erhalten, finden Sie im Folgenden einige Definitionen.[\/vc_column_text][\/vc_column][\/vc_row][vc_row][vc_column][vc_single_image image=&#8221;6025&#8243; img_size=&#8221;full&#8221; alignment=&#8221;center&#8221; onclick=&#8221;img_link_large&#8221; img_link_target=&#8221;_blank&#8221;][\/vc_column][\/vc_row][vc_row][vc_column][vc_empty_space][\/vc_column][\/vc_row][vc_row][vc_column][vc_column_text]<\/p>\n<h2>ZOOM ZU DEN VERGLEICHSKRITERIEN :<\/h2>\n<p>[\/vc_column_text][vc_tta_accordion spacing=&#8221;2&#8243; gap=&#8221;2&#8243; c_icon=&#8221;triangle&#8221; active_section=&#8221;none&#8221; collapsible_all=&#8221;true&#8221;][vc_tta_section title=&#8221;ERREICHTE BERREICH&#8221; tab_id=&#8221;1634556599622-9cc46c61-ed78&#8243;][vc_column_text]Der erreichte Bereich ist die Fl\u00e4che, die das Betonf\u00f6rderband abdecken kann, ohne dass der LKW bewegt werden muss.<\/p>\n<p>Er wird berechnet, indem man Folgendes ber\u00fccksichtigt<\/p>\n<ul>\n<li>die maximale und die minimale Entfernung, die vom F\u00f6rderband erreicht werden kann<br \/>\ndie maximale H\u00f6he und die minimale H\u00f6he<br \/>\nden Drehwinkel<\/li>\n<\/ul>\n<p>Durch das Vorhandensein einer rotierenden Rutsche (vorhanden bei den F\u00f6rderb\u00e4ndern T3D12 und T3D16) kann die Gr\u00f6\u00dfe des vom Betonf\u00f6rderband erreichten Bereichs vergr\u00f6\u00dfert werden.[\/vc_column_text][vc_single_image image=&#8221;5398&#8243; img_size=&#8221;500&#215;500&#8243; alignment=&#8221;center&#8221;][\/vc_tta_section][vc_tta_section title=&#8221;LADEKAPAZIT\u00c4T&#8221; tab_id=&#8221;1634556599622-05c05faf-7407&#8243;][vc_column_text]Die Ladekapazit\u00e4t des Mischers wird durch das Gewicht des Teleskopbandes oder der Rutsche beeinflusst, das wiederum abh\u00e4ngig ist von :<\/p>\n<ul>\n<li>der Anzahl der Teleskope,<\/li>\n<li>der Struktur des Bandes (Stahl oder Aluminium),<\/li>\n<li>vom Vorhandensein (oder Fehlen) von St\u00e4nder.<\/li>\n<\/ul>\n<p>[\/vc_column_text][vc_single_image image=&#8221;5401&#8243; img_size=&#8221;500&#215;500&#8243; alignment=&#8221;center&#8221;][\/vc_tta_section][vc_tta_section title=&#8221;POLYVALENZ&#8221; tab_id=&#8221;1634556973957-d1c7ce47-e1fd&#8221;][vc_column_text]Die Polyvalenz eines Betonf\u00f6rderers h\u00e4ngt ab :<\/p>\n<ul>\n<li>von der Art der Materialien, die transportiert werden k\u00f6nnen (nur Beton, Beton und Zuschlagstoffe, usw.),<\/li>\n<li>von den unterst\u00fctzten Betontypen (Faserbeton \/ Nicht-Faserbeton, Plastizit\u00e4t, Liquidit\u00e4t usw.),<\/li>\n<li>die verschiedenen Arten von Baustellen, die realisierbar sind \/ verschiedene m\u00f6gliche Anwendungen (nur Erdgeschoss, Stockwerke, Hanglagen usw.).<\/li>\n<li>das Vorhandensein oder Fehlen von Kr\u00fccken<\/li>\n<li>ob die F\u00f6rderband abnehmbar ist (oder nicht).<br \/>\nder Anzahl der Teleskope<br \/>\ndem Rotationssystem<\/li>\n<\/ul>\n<p>[\/vc_column_text][vc_single_image image=&#8221;5407&#8243; img_size=&#8221;500&#215;500&#8243; alignment=&#8221;center&#8221;][\/vc_tta_section][vc_tta_section title=&#8221;BENUTZERFREUNDLICHKEIT&#8221; tab_id=&#8221;1634556976178-a98d5a1c-edf4&#8243;][vc_column_text]Alle Theam-Produkte erm\u00f6glichen es Ihnen, auf Ihren Baustellen mehr Komfort zu genie\u00dfen. Dieser Komfort kann jedoch je nach gew\u00e4hlter F\u00f6rderb\u00e4nder\/Teleskopschurre variieren, da er von den folgenden Elementen abh\u00e4ngt:<\/p>\n<ul>\n<li>dem Funksteuerungssystem der Matte (das mehrmalige Auf- und Absteigen aus der Kabine entf\u00e4llt).<\/li>\n<li>ob ein Hochdruckreiniger vorhanden ist (erleichtert das Waschen Ihrer Ausr\u00fcstung)<\/li>\n<li>die Anzahl der Teleskope (erm\u00f6glicht es, mehr oder weniger weit zu gehen),<\/li>\n<li>ob ein rotierender Auswurfschacht vorhanden ist (vergr\u00f6\u00dfert den erreichte Berreich und verringert die Anzahl der Bewegungen des LKWs).<\/li>\n<\/ul>\n<p>[\/vc_column_text][vc_single_image image=&#8221;5404&#8243; img_size=&#8221;500&#215;500&#8243; alignment=&#8221;center&#8221;][\/vc_tta_section][vc_tta_section title=&#8221;SICHERHEIT&#8221; tab_id=&#8221;1634556978371-003c6499-64ff&#8221;][vc_column_text]Theam hat die Sicherheit auf Baustellen zu einer seiner Priorit\u00e4ten gemacht. Unsere Produkte bieten Ihnen daher ein gewisses Ma\u00df an Sicherheit durch :<\/p>\n<p>der Funkfernsteuerung (begrenzt das Auf- und Absteigen in der Kabine und damit die Unfallgefahr).<br \/>\nder Verriegelung des Drehpunkts und des Auslegers beim Transport,<br \/>\ndem\/den Teleskop(en),<br \/>\nauf den Rollenschutz,<br \/>\nauf die Stabilit\u00e4t.<br \/>\nDar\u00fcber hinaus werden alle unsere F\u00f6rderb\u00e4nder vorab einer Sturzstudie unterzogen und sind CE-zertifiziert.<\/p>\n<p>Bestimmte Optionen, wie der Sensor f\u00fcr Hochspannungsleitungen oder der Sensor f\u00fcr St\u00e4nder und Vorbau, k\u00f6nnen Ihnen ein zus\u00e4tzliches Ma\u00df an Sicherheit bieten.[\/vc_column_text][vc_single_image image=&#8221;5392&#8243; img_size=&#8221;500&#215;500&#8243; alignment=&#8221;center&#8221;][\/vc_tta_section][vc_tta_section title=&#8221;TECHNOLOGIE&#8221; tab_id=&#8221;1634556980707-9b7386f7-81a6&#8243;][vc_column_text]Das Know-how von Theam erm\u00f6glicht die Entwicklung technischer Produkte. Die in unseren F\u00f6rderb\u00e4ndern und Teleskopierbarre Schurre vorhandene Technologie erm\u00f6glicht es, ein un\u00fcbertroffenes Leistungsniveau zu erreichen.<\/p>\n<p>Zu unseren Technologien geh\u00f6ren unter anderem:<\/p>\n<ul>\n<li>die rotierende Rutsche,<\/li>\n<li>die Teleskope,<\/li>\n<li>das Anti-Segregationssystem,<\/li>\n<li>die reibungslosen Bewegungen des F\u00f6rderbands (proportionale Bewegungen),<\/li>\n<li>das Easy System und die CAN-Konnektivit\u00e4t,<\/li>\n<li>die doppelte Drehung um 310\u00b0.<\/li>\n<\/ul>\n<p>[\/vc_column_text][vc_single_image image=&#8221;5395&#8243; img_size=&#8221;500&#215;500&#8243; alignment=&#8221;center&#8221;][\/vc_tta_section][\/vc_tta_accordion][vc_empty_space height=&#8221;16px&#8221;][\/vc_column][\/vc_row][vc_row][vc_column][vc_btn title=&#8221;Klicken Sie hier, um die technischen Daten der einzelnen Theam Beton-Produkte zu erhalten.&#8221; style=&#8221;custom&#8221; custom_background=&#8221;#ea5b0c&#8221; custom_text=&#8221;#ffffff&#8221; align=&#8221;center&#8221; button_block=&#8221;true&#8221; link=&#8221;url:https%3A%2F%2Fwww.theam.com%2Fde%2FProduktkategorie%2Ftheam-beton%2F|title:Produkte|target:%20_blank|&#8221;][\/vc_column][\/vc_row][vc_row][vc_column][vc_column_text]M\u00f6chten Sie Ihr Projekt mit einem Spezialisten besprechen und eine pers\u00f6nliche Beratung erhalten?<\/p>\n<p>Z\u00f6gern Sie nicht, unser Team unter +33 2 40 65 22 10 zu kontaktieren oder uns eine E-Mail an &#x63;&#x6f;&#x6e;&#x74;&#x61;&#x63;&#x74;&#x40;&#x74;&#x68;&#x65;&#x61;&#x6d;&#x2e;&#x63;&#x6f;&#x6d; zu schicken. Sie k\u00f6nnen auch einen H\u00e4ndler in Ihrer N\u00e4he finden, indem Sie unsere Seite <a href=\"https:\/\/www.theam.com\/de\/das-unternehmen\/export-netzwerk\/\">H\u00e4ndler<\/a> besuchen.[\/vc_column_text][vc_empty_space][\/vc_column][\/vc_row][vc_row][vc_column][vc_column_text]&nbsp;<\/p>\n<p>&nbsp;<\/p>\n<p>&nbsp;<\/p>\n<p>&nbsp;[\/vc_column_text][\/vc_column][\/vc_row]<\/p>\n","protected":false},"excerpt":{"rendered":"<p>[vc_row][vc_column][vc_empty_space height=&#8221;10&#8243;][vc_column_text] W\u00e4hlen Sie Ihre Betonf\u00f6rderl\u00f6sung richtig aus Unser breites Angebot an Theam Beton deckt alle Arten von Bed\u00fcrfnissen ab, wenn &#8230;<\/p>\n","protected":false},"author":1,"featured_media":0,"parent":0,"menu_order":0,"comment_status":"closed","ping_status":"closed","template":"","meta":{"_acf_changed":false,"footnotes":""},"class_list":["post-5434","page","type-page","status-publish","hentry"],"acf":[],"yoast_head":"<!-- This site is optimized with the Yoast SEO plugin v27.4 - https:\/\/yoast.com\/product\/yoast-seo-wordpress\/ -->\n<title>W\u00e4hlen Sie Ihre Betonf\u00f6rderl\u00f6sung richtig aus - Theam<\/title>\n<meta name=\"description\" content=\"Die Wahl der richtigen Betonf\u00f6rderl\u00f6sung kann manchmal kompliziert sein. Daher haben wir dieses Tool erstellt, um sie nach Ihren Bed\u00fcrfnissen zu vergleichen.\" \/>\n<meta name=\"robots\" content=\"index, follow, max-snippet:-1, max-image-preview:large, max-video-preview:-1\" \/>\n<link rel=\"canonical\" href=\"https:\/\/www.theam.com\/de\/waehlen-sie-ihre-betonfoerderloesung-richtig-aus\/\" \/>\n<meta property=\"og:locale\" content=\"de_DE\" \/>\n<meta property=\"og:type\" content=\"article\" \/>\n<meta property=\"og:title\" content=\"W\u00e4hlen Sie Ihre Betonf\u00f6rderl\u00f6sung richtig aus - Theam\" \/>\n<meta property=\"og:description\" content=\"Die Wahl der richtigen Betonf\u00f6rderl\u00f6sung kann manchmal kompliziert sein. Daher haben wir dieses Tool erstellt, um sie nach Ihren Bed\u00fcrfnissen zu vergleichen.\" \/>\n<meta property=\"og:url\" content=\"https:\/\/www.theam.com\/de\/waehlen-sie-ihre-betonfoerderloesung-richtig-aus\/\" \/>\n<meta property=\"og:site_name\" content=\"Theam\" \/>\n<meta property=\"article:publisher\" content=\"https:\/\/www.facebook.com\/theamfrance\/\" \/>\n<meta property=\"article:modified_time\" content=\"2023-07-24T15:20:24+00:00\" \/>\n<meta property=\"og:image\" content=\"https:\/\/www.theam.com\/wp-content\/uploads\/2019\/02\/12247946_977863475588112_5710759430290005186_o-2.jpg\" \/>\n\t<meta property=\"og:image:width\" content=\"2048\" \/>\n\t<meta property=\"og:image:height\" content=\"1152\" \/>\n\t<meta property=\"og:image:type\" content=\"image\/jpeg\" \/>\n<meta name=\"twitter:card\" content=\"summary_large_image\" \/>\n<meta name=\"twitter:label1\" content=\"Gesch\u00e4tzte Lesezeit\" \/>\n\t<meta name=\"twitter:data1\" content=\"5 Minuten\" \/>\n<script type=\"application\/ld+json\" class=\"yoast-schema-graph\">{\"@context\":\"https:\\\/\\\/schema.org\",\"@graph\":[{\"@type\":\"WebPage\",\"@id\":\"https:\\\/\\\/www.theam.com\\\/de\\\/waehlen-sie-ihre-betonfoerderloesung-richtig-aus\\\/\",\"url\":\"https:\\\/\\\/www.theam.com\\\/de\\\/waehlen-sie-ihre-betonfoerderloesung-richtig-aus\\\/\",\"name\":\"W\u00e4hlen Sie Ihre Betonf\u00f6rderl\u00f6sung richtig aus - Theam\",\"isPartOf\":{\"@id\":\"https:\\\/\\\/www.theam.com\\\/#website\"},\"datePublished\":\"2021-11-18T15:57:31+00:00\",\"dateModified\":\"2023-07-24T15:20:24+00:00\",\"description\":\"Die Wahl der richtigen Betonf\u00f6rderl\u00f6sung kann manchmal kompliziert sein. Daher haben wir dieses Tool erstellt, um sie nach Ihren Bed\u00fcrfnissen zu vergleichen.\",\"breadcrumb\":{\"@id\":\"https:\\\/\\\/www.theam.com\\\/de\\\/waehlen-sie-ihre-betonfoerderloesung-richtig-aus\\\/#breadcrumb\"},\"inLanguage\":\"de-DE\",\"potentialAction\":[{\"@type\":\"ReadAction\",\"target\":[\"https:\\\/\\\/www.theam.com\\\/de\\\/waehlen-sie-ihre-betonfoerderloesung-richtig-aus\\\/\"]}]},{\"@type\":\"BreadcrumbList\",\"@id\":\"https:\\\/\\\/www.theam.com\\\/de\\\/waehlen-sie-ihre-betonfoerderloesung-richtig-aus\\\/#breadcrumb\",\"itemListElement\":[{\"@type\":\"ListItem\",\"position\":1,\"name\":\"Accueil\",\"item\":\"https:\\\/\\\/www.theam.com\\\/de\\\/\"},{\"@type\":\"ListItem\",\"position\":2,\"name\":\"W\u00e4hlen Sie Ihre Betonf\u00f6rderl\u00f6sung richtig aus\"}]},{\"@type\":\"WebSite\",\"@id\":\"https:\\\/\\\/www.theam.com\\\/#website\",\"url\":\"https:\\\/\\\/www.theam.com\\\/\",\"name\":\"Theam\",\"description\":\"Convoyeur de solutions\",\"potentialAction\":[{\"@type\":\"SearchAction\",\"target\":{\"@type\":\"EntryPoint\",\"urlTemplate\":\"https:\\\/\\\/www.theam.com\\\/?s={search_term_string}\"},\"query-input\":{\"@type\":\"PropertyValueSpecification\",\"valueRequired\":true,\"valueName\":\"search_term_string\"}}],\"inLanguage\":\"de-DE\"}]}<\/script>\n<!-- \/ Yoast SEO plugin. -->","yoast_head_json":{"title":"W\u00e4hlen Sie Ihre Betonf\u00f6rderl\u00f6sung richtig aus - Theam","description":"Die Wahl der richtigen Betonf\u00f6rderl\u00f6sung kann manchmal kompliziert sein. Daher haben wir dieses Tool erstellt, um sie nach Ihren Bed\u00fcrfnissen zu vergleichen.","robots":{"index":"index","follow":"follow","max-snippet":"max-snippet:-1","max-image-preview":"max-image-preview:large","max-video-preview":"max-video-preview:-1"},"canonical":"https:\/\/www.theam.com\/de\/waehlen-sie-ihre-betonfoerderloesung-richtig-aus\/","og_locale":"de_DE","og_type":"article","og_title":"W\u00e4hlen Sie Ihre Betonf\u00f6rderl\u00f6sung richtig aus - Theam","og_description":"Die Wahl der richtigen Betonf\u00f6rderl\u00f6sung kann manchmal kompliziert sein. Daher haben wir dieses Tool erstellt, um sie nach Ihren Bed\u00fcrfnissen zu vergleichen.","og_url":"https:\/\/www.theam.com\/de\/waehlen-sie-ihre-betonfoerderloesung-richtig-aus\/","og_site_name":"Theam","article_publisher":"https:\/\/www.facebook.com\/theamfrance\/","article_modified_time":"2023-07-24T15:20:24+00:00","og_image":[{"width":2048,"height":1152,"url":"https:\/\/www.theam.com\/wp-content\/uploads\/2019\/02\/12247946_977863475588112_5710759430290005186_o-2.jpg","type":"image\/jpeg"}],"twitter_card":"summary_large_image","twitter_misc":{"Gesch\u00e4tzte Lesezeit":"5 Minuten"},"schema":{"@context":"https:\/\/schema.org","@graph":[{"@type":"WebPage","@id":"https:\/\/www.theam.com\/de\/waehlen-sie-ihre-betonfoerderloesung-richtig-aus\/","url":"https:\/\/www.theam.com\/de\/waehlen-sie-ihre-betonfoerderloesung-richtig-aus\/","name":"W\u00e4hlen Sie Ihre Betonf\u00f6rderl\u00f6sung richtig aus - Theam","isPartOf":{"@id":"https:\/\/www.theam.com\/#website"},"datePublished":"2021-11-18T15:57:31+00:00","dateModified":"2023-07-24T15:20:24+00:00","description":"Die Wahl der richtigen Betonf\u00f6rderl\u00f6sung kann manchmal kompliziert sein. Daher haben wir dieses Tool erstellt, um sie nach Ihren Bed\u00fcrfnissen zu vergleichen.","breadcrumb":{"@id":"https:\/\/www.theam.com\/de\/waehlen-sie-ihre-betonfoerderloesung-richtig-aus\/#breadcrumb"},"inLanguage":"de-DE","potentialAction":[{"@type":"ReadAction","target":["https:\/\/www.theam.com\/de\/waehlen-sie-ihre-betonfoerderloesung-richtig-aus\/"]}]},{"@type":"BreadcrumbList","@id":"https:\/\/www.theam.com\/de\/waehlen-sie-ihre-betonfoerderloesung-richtig-aus\/#breadcrumb","itemListElement":[{"@type":"ListItem","position":1,"name":"Accueil","item":"https:\/\/www.theam.com\/de\/"},{"@type":"ListItem","position":2,"name":"W\u00e4hlen Sie Ihre Betonf\u00f6rderl\u00f6sung richtig aus"}]},{"@type":"WebSite","@id":"https:\/\/www.theam.com\/#website","url":"https:\/\/www.theam.com\/","name":"Theam","description":"Convoyeur de solutions","potentialAction":[{"@type":"SearchAction","target":{"@type":"EntryPoint","urlTemplate":"https:\/\/www.theam.com\/?s={search_term_string}"},"query-input":{"@type":"PropertyValueSpecification","valueRequired":true,"valueName":"search_term_string"}}],"inLanguage":"de-DE"}]}},"_links":{"self":[{"href":"https:\/\/www.theam.com\/de\/wp-json\/wp\/v2\/pages\/5434","targetHints":{"allow":["GET"]}}],"collection":[{"href":"https:\/\/www.theam.com\/de\/wp-json\/wp\/v2\/pages"}],"about":[{"href":"https:\/\/www.theam.com\/de\/wp-json\/wp\/v2\/types\/page"}],"author":[{"embeddable":true,"href":"https:\/\/www.theam.com\/de\/wp-json\/wp\/v2\/users\/1"}],"replies":[{"embeddable":true,"href":"https:\/\/www.theam.com\/de\/wp-json\/wp\/v2\/comments?post=5434"}],"version-history":[{"count":6,"href":"https:\/\/www.theam.com\/de\/wp-json\/wp\/v2\/pages\/5434\/revisions"}],"predecessor-version":[{"id":6028,"href":"https:\/\/www.theam.com\/de\/wp-json\/wp\/v2\/pages\/5434\/revisions\/6028"}],"wp:attachment":[{"href":"https:\/\/www.theam.com\/de\/wp-json\/wp\/v2\/media?parent=5434"}],"curies":[{"name":"wp","href":"https:\/\/api.w.org\/{rel}","templated":true}]}}