{"id":5527,"date":"2022-01-05T09:21:26","date_gmt":"2022-01-05T08:21:26","guid":{"rendered":"https:\/\/www.theam.com\/dienstleistungen\/"},"modified":"2022-01-05T09:21:41","modified_gmt":"2022-01-05T08:21:41","slug":"dienstleistungen","status":"publish","type":"page","link":"https:\/\/www.theam.com\/de\/dienstleistungen\/","title":{"rendered":"Dienstleistungen"},"content":{"rendered":"<p>[vc_row][vc_column][vc_column_text]<img loading=\"lazy\" decoding=\"async\" class=\"alignleft wp-image-3803 size-full\" src=\"https:\/\/www.theam.com\/wp-content\/uploads\/2019\/08\/Servicespicto.png\" alt=\"logo Theam Services\" width=\"363\" height=\"272\" srcset=\"https:\/\/www.theam.com\/wp-content\/uploads\/2019\/08\/Servicespicto.png 363w, https:\/\/www.theam.com\/wp-content\/uploads\/2019\/08\/Servicespicto-360x271.png 360w\" sizes=\"auto, (max-width: 363px) 100vw, 363px\" \/><\/p>\n<p>&nbsp;<\/p>\n<ul>\n<li>Dienstleistungen und technische L\u00f6sungen, die auf Ihre Probleme zugeschnitten sind.<\/li>\n<li>Serviceeins\u00e4tze in unseren Werkst\u00e4tten oder beim Kunden (abh\u00e4ngig von der Art des Einsatzes).<\/li>\n<\/ul>\n<p>[\/vc_column_text][vc_empty_space][\/vc_column][\/vc_row][vc_row][vc_column width=&#8221;1\/3&#8243;][vc_cta h2=&#8221;&#8221; h4=&#8221;Zuverl\u00e4ssigkeit der Diagnosen :&#8221; color=&#8221;orange&#8221;]<\/p>\n<ul>\n<li>Erfahrene Techniker<\/li>\n<li>Keine b\u00f6sen \u00dcberraschungen, die Reparaturen sind fair und angemessen.<\/li>\n<li>M\u00f6glichkeit, Ihre Teppiche zu pr\u00fcfen<\/li>\n<\/ul>\n<p>[\/vc_cta][\/vc_column][vc_column width=&#8221;1\/4&#8243; offset=&#8221;vc_col-lg-4&#8243;][vc_cta h2=&#8221;&#8221; h4=&#8221;Vielseitigkeit der Interventionen&#8221; color=&#8221;orange&#8221;]<\/p>\n<ul>\n<li>Betonf\u00f6rderb\u00e4nder (alle Marken)<\/li>\n<li>Betonmischer (Mischer aller Marken)<\/li>\n<li>Mischer Pumpe<\/li>\n<li>Pumpe<\/li>\n<li>F\u00f6rderschnecke f\u00fcr Mischgut<\/li>\n<li>Recodrive<\/li>\n<\/ul>\n<p>[\/vc_cta][\/vc_column][vc_column width=&#8221;1\/4&#8243; offset=&#8221;vc_col-lg-4 vc_col-md-4&#8243;][vc_cta h2=&#8221;&#8221; h4=&#8221;Sicherheit&#8221; color=&#8221;orange&#8221;]<\/p>\n<ul>\n<li>Bei jedem Einsatz wird eine Kontrolle aller Sicherheitsorgane des F\u00f6rderbanders durchgef\u00fchrt.<\/li>\n<li>Vorschlag eines Wartungsvertrags (12 bis 36 Monate) f\u00fcr Ihren Park, um die Langlebigkeit und Sicherheit Ihrer Matten zu gew\u00e4hrleisten.<\/li>\n<li>Die Versicherung von zertifizierten THEAM-Originalteilen.<\/li>\n<li>Zertifizierte Techniker f\u00fcr die Kontrolle und Reparatur von MADE-Liniensensoren (inkl. Fahrerschulung und Pr\u00fcfprotokoll)<\/li>\n<\/ul>\n<p>[\/vc_cta][\/vc_column][\/vc_row][vc_row][vc_column][vc_empty_space][\/vc_column][\/vc_row][vc_row][vc_column][vc_column_text 1=&#8221;style=&#8220;color:&#8221; 2=&#8221;#ff6600;&#8220;&gt;&#8221;]<strong><span style=\"color: #ff6600;\">Wenden Sie sich an THEAM ASSIST<\/span> :<\/strong><\/p>\n<div class=\"wpb_text_column wpb_content_element \">\n<div class=\"wpb_wrapper\">\n<p><strong>2 chemin des Plis ,44880 Sautron \u2013 +33 2 40 65 22 10<\/strong><\/p>\n<p><strong>oder per Email : <a href=\"&#x6d;&#97;&#x69;&#x6c;t&#x6f;&#58;s&#x61;&#118;&#64;&#x74;&#104;&#x65;&#x61;m&#x2e;&#99;o&#x6d;\">&#x73;&#x61;&#x76;&#x40;&#x74;&#x68;&#x65;&#x61;&#x6d;&#x2e;&#x63;&#x6f;&#x6d;<\/a><\/strong><\/p>\n<\/div>\n<\/div>\n<p>[\/vc_column_text][\/vc_column][\/vc_row][vc_row][vc_column][vc_empty_space][\/vc_column][\/vc_row]<\/p>\n","protected":false},"excerpt":{"rendered":"<p>[vc_row][vc_column][vc_column_text] &nbsp; Dienstleistungen und technische L\u00f6sungen, die auf Ihre Probleme zugeschnitten sind. Serviceeins\u00e4tze in unseren Werkst\u00e4tten oder beim Kunden (abh\u00e4ngig von &#8230;<\/p>\n","protected":false},"author":1,"featured_media":0,"parent":0,"menu_order":0,"comment_status":"closed","ping_status":"closed","template":"","meta":{"_acf_changed":false,"footnotes":""},"class_list":["post-5527","page","type-page","status-publish","hentry"],"acf":[],"yoast_head":"<!-- This site is optimized with the Yoast SEO plugin v27.4 - https:\/\/yoast.com\/product\/yoast-seo-wordpress\/ -->\n<title>Beratung, Technische L\u00f6sungen, WartungDienstleistungen - Theam<\/title>\n<meta name=\"description\" content=\"Theam services steht f\u00fcr Beratung, Eingriffe bei allen Marken, individuelle L\u00f6sungen, Kundendienst... immer mit Ihrer Sicherheit im Hinterkopf.\" \/>\n<meta name=\"robots\" content=\"index, follow, max-snippet:-1, max-image-preview:large, max-video-preview:-1\" \/>\n<link rel=\"canonical\" href=\"https:\/\/www.theam.com\/services-theam\/\" \/>\n<meta property=\"og:locale\" content=\"de_DE\" \/>\n<meta property=\"og:type\" content=\"article\" \/>\n<meta property=\"og:title\" content=\"Beratung, Technische L\u00f6sungen, WartungDienstleistungen - Theam\" \/>\n<meta property=\"og:description\" content=\"Theam services steht f\u00fcr Beratung, Eingriffe bei allen Marken, individuelle L\u00f6sungen, Kundendienst... immer mit Ihrer Sicherheit im Hinterkopf.\" \/>\n<meta property=\"og:url\" content=\"https:\/\/www.theam.com\/services-theam\/\" \/>\n<meta property=\"og:site_name\" content=\"Theam\" \/>\n<meta property=\"article:publisher\" content=\"https:\/\/www.facebook.com\/theamfrance\/\" \/>\n<meta property=\"article:modified_time\" content=\"2022-01-05T08:21:41+00:00\" \/>\n<meta property=\"og:image\" content=\"https:\/\/www.theam.com\/wp-content\/uploads\/2019\/08\/Servicespicto.png\" \/>\n<meta name=\"twitter:card\" content=\"summary_large_image\" \/>\n<meta name=\"twitter:label1\" content=\"Gesch\u00e4tzte Lesezeit\" \/>\n\t<meta name=\"twitter:data1\" content=\"1 Minute\" \/>\n<script type=\"application\/ld+json\" class=\"yoast-schema-graph\">{\"@context\":\"https:\\\/\\\/schema.org\",\"@graph\":[{\"@type\":\"WebPage\",\"@id\":\"https:\\\/\\\/www.theam.com\\\/services-theam\\\/\",\"url\":\"https:\\\/\\\/www.theam.com\\\/services-theam\\\/\",\"name\":\"Beratung, Technische L\u00f6sungen, WartungDienstleistungen - Theam\",\"isPartOf\":{\"@id\":\"https:\\\/\\\/www.theam.com\\\/#website\"},\"primaryImageOfPage\":{\"@id\":\"https:\\\/\\\/www.theam.com\\\/services-theam\\\/#primaryimage\"},\"image\":{\"@id\":\"https:\\\/\\\/www.theam.com\\\/services-theam\\\/#primaryimage\"},\"thumbnailUrl\":\"https:\\\/\\\/www.theam.com\\\/wp-content\\\/uploads\\\/2019\\\/08\\\/Servicespicto.png\",\"datePublished\":\"2022-01-05T08:21:26+00:00\",\"dateModified\":\"2022-01-05T08:21:41+00:00\",\"description\":\"Theam services steht f\u00fcr Beratung, Eingriffe bei allen Marken, individuelle L\u00f6sungen, Kundendienst... immer mit Ihrer Sicherheit im Hinterkopf.\",\"breadcrumb\":{\"@id\":\"https:\\\/\\\/www.theam.com\\\/services-theam\\\/#breadcrumb\"},\"inLanguage\":\"de-DE\",\"potentialAction\":[{\"@type\":\"ReadAction\",\"target\":[\"https:\\\/\\\/www.theam.com\\\/services-theam\\\/\"]}]},{\"@type\":\"ImageObject\",\"inLanguage\":\"de-DE\",\"@id\":\"https:\\\/\\\/www.theam.com\\\/services-theam\\\/#primaryimage\",\"url\":\"https:\\\/\\\/www.theam.com\\\/wp-content\\\/uploads\\\/2019\\\/08\\\/Servicespicto.png\",\"contentUrl\":\"https:\\\/\\\/www.theam.com\\\/wp-content\\\/uploads\\\/2019\\\/08\\\/Servicespicto.png\"},{\"@type\":\"BreadcrumbList\",\"@id\":\"https:\\\/\\\/www.theam.com\\\/services-theam\\\/#breadcrumb\",\"itemListElement\":[{\"@type\":\"ListItem\",\"position\":1,\"name\":\"Accueil\",\"item\":\"https:\\\/\\\/www.theam.com\\\/de\\\/\"},{\"@type\":\"ListItem\",\"position\":2,\"name\":\"Dienstleistungen\"}]},{\"@type\":\"WebSite\",\"@id\":\"https:\\\/\\\/www.theam.com\\\/#website\",\"url\":\"https:\\\/\\\/www.theam.com\\\/\",\"name\":\"Theam\",\"description\":\"Convoyeur de solutions\",\"potentialAction\":[{\"@type\":\"SearchAction\",\"target\":{\"@type\":\"EntryPoint\",\"urlTemplate\":\"https:\\\/\\\/www.theam.com\\\/?s={search_term_string}\"},\"query-input\":{\"@type\":\"PropertyValueSpecification\",\"valueRequired\":true,\"valueName\":\"search_term_string\"}}],\"inLanguage\":\"de-DE\"}]}<\/script>\n<!-- \/ Yoast SEO plugin. -->","yoast_head_json":{"title":"Beratung, Technische L\u00f6sungen, WartungDienstleistungen - Theam","description":"Theam services steht f\u00fcr Beratung, Eingriffe bei allen Marken, individuelle L\u00f6sungen, Kundendienst... immer mit Ihrer Sicherheit im Hinterkopf.","robots":{"index":"index","follow":"follow","max-snippet":"max-snippet:-1","max-image-preview":"max-image-preview:large","max-video-preview":"max-video-preview:-1"},"canonical":"https:\/\/www.theam.com\/services-theam\/","og_locale":"de_DE","og_type":"article","og_title":"Beratung, Technische L\u00f6sungen, WartungDienstleistungen - Theam","og_description":"Theam services steht f\u00fcr Beratung, Eingriffe bei allen Marken, individuelle L\u00f6sungen, Kundendienst... immer mit Ihrer Sicherheit im Hinterkopf.","og_url":"https:\/\/www.theam.com\/services-theam\/","og_site_name":"Theam","article_publisher":"https:\/\/www.facebook.com\/theamfrance\/","article_modified_time":"2022-01-05T08:21:41+00:00","og_image":[{"url":"https:\/\/www.theam.com\/wp-content\/uploads\/2019\/08\/Servicespicto.png","type":"","width":"","height":""}],"twitter_card":"summary_large_image","twitter_misc":{"Gesch\u00e4tzte Lesezeit":"1 Minute"},"schema":{"@context":"https:\/\/schema.org","@graph":[{"@type":"WebPage","@id":"https:\/\/www.theam.com\/services-theam\/","url":"https:\/\/www.theam.com\/services-theam\/","name":"Beratung, Technische L\u00f6sungen, WartungDienstleistungen - Theam","isPartOf":{"@id":"https:\/\/www.theam.com\/#website"},"primaryImageOfPage":{"@id":"https:\/\/www.theam.com\/services-theam\/#primaryimage"},"image":{"@id":"https:\/\/www.theam.com\/services-theam\/#primaryimage"},"thumbnailUrl":"https:\/\/www.theam.com\/wp-content\/uploads\/2019\/08\/Servicespicto.png","datePublished":"2022-01-05T08:21:26+00:00","dateModified":"2022-01-05T08:21:41+00:00","description":"Theam services steht f\u00fcr Beratung, Eingriffe bei allen Marken, individuelle L\u00f6sungen, Kundendienst... immer mit Ihrer Sicherheit im Hinterkopf.","breadcrumb":{"@id":"https:\/\/www.theam.com\/services-theam\/#breadcrumb"},"inLanguage":"de-DE","potentialAction":[{"@type":"ReadAction","target":["https:\/\/www.theam.com\/services-theam\/"]}]},{"@type":"ImageObject","inLanguage":"de-DE","@id":"https:\/\/www.theam.com\/services-theam\/#primaryimage","url":"https:\/\/www.theam.com\/wp-content\/uploads\/2019\/08\/Servicespicto.png","contentUrl":"https:\/\/www.theam.com\/wp-content\/uploads\/2019\/08\/Servicespicto.png"},{"@type":"BreadcrumbList","@id":"https:\/\/www.theam.com\/services-theam\/#breadcrumb","itemListElement":[{"@type":"ListItem","position":1,"name":"Accueil","item":"https:\/\/www.theam.com\/de\/"},{"@type":"ListItem","position":2,"name":"Dienstleistungen"}]},{"@type":"WebSite","@id":"https:\/\/www.theam.com\/#website","url":"https:\/\/www.theam.com\/","name":"Theam","description":"Convoyeur de solutions","potentialAction":[{"@type":"SearchAction","target":{"@type":"EntryPoint","urlTemplate":"https:\/\/www.theam.com\/?s={search_term_string}"},"query-input":{"@type":"PropertyValueSpecification","valueRequired":true,"valueName":"search_term_string"}}],"inLanguage":"de-DE"}]}},"_links":{"self":[{"href":"https:\/\/www.theam.com\/de\/wp-json\/wp\/v2\/pages\/5527","targetHints":{"allow":["GET"]}}],"collection":[{"href":"https:\/\/www.theam.com\/de\/wp-json\/wp\/v2\/pages"}],"about":[{"href":"https:\/\/www.theam.com\/de\/wp-json\/wp\/v2\/types\/page"}],"author":[{"embeddable":true,"href":"https:\/\/www.theam.com\/de\/wp-json\/wp\/v2\/users\/1"}],"replies":[{"embeddable":true,"href":"https:\/\/www.theam.com\/de\/wp-json\/wp\/v2\/comments?post=5527"}],"version-history":[{"count":5,"href":"https:\/\/www.theam.com\/de\/wp-json\/wp\/v2\/pages\/5527\/revisions"}],"predecessor-version":[{"id":5532,"href":"https:\/\/www.theam.com\/de\/wp-json\/wp\/v2\/pages\/5527\/revisions\/5532"}],"wp:attachment":[{"href":"https:\/\/www.theam.com\/de\/wp-json\/wp\/v2\/media?parent=5527"}],"curies":[{"name":"wp","href":"https:\/\/api.w.org\/{rel}","templated":true}]}}