{"id":3548,"date":"2019-02-12T15:50:20","date_gmt":"2019-02-12T14:50:20","guid":{"rendered":"https:\/\/www.theam.com\/produit\/gt9-4\/"},"modified":"2023-06-06T13:58:36","modified_gmt":"2023-06-06T12:58:36","slug":"gt10","status":"publish","type":"product","link":"https:\/\/www.theam.com\/de\/produit\/gt10\/","title":{"rendered":"GT10"},"content":{"rendered":"<p>[vc_row][vc_column][vc_column_text]<span style=\"color: #ea5b0c;\"><strong>TECHNISCHE DATA<\/strong><\/span><\/p>\n<table style=\"height: 113px; width: 59.375%; border-collapse: collapse; border-color: #767a7d;\">\n<tbody>\n<tr style=\"height: 23px;\">\n<td style=\"width: 30.0241%; height: 23px; border-style: hidden; border-color: #767a7d;\">Gewicht<\/td>\n<td style=\"width: 29.3509%; height: 23px; border-style: hidden; border-color: #767a7d;\">1 100 kg<\/td>\n<\/tr>\n<tr style=\"height: 23px;\">\n<td style=\"width: 30.0241%; height: 23px; border-style: hidden; border-color: #767a7d;\">Drehwinkel<\/td>\n<td style=\"width: 29.3509%; height: 23px; border-style: hidden; border-color: #767a7d;\">180\u00b0<\/td>\n<\/tr>\n<tr style=\"height: 23px;\">\n<td style=\"width: 30.0241%; height: 23px; border-style: hidden; border-color: #767a7d;\">Teleskop<\/td>\n<td style=\"width: 29.3509%; height: 23px; border-style: hidden; border-color: #767a7d;\">6 m<\/td>\n<\/tr>\n<tr style=\"height: 23px;\">\n<td style=\"width: 30.0241%; height: 23px; border-style: hidden; border-color: #767a7d;\">Entfernung zur Lieferung<\/td>\n<td style=\"width: 29.3509%; height: 23px; border-style: hidden; border-color: #767a7d;\">3.2 bis 10.7 m (mit optionaler Manschette)<\/td>\n<\/tr>\n<tr style=\"height: 23px;\">\n<td style=\"width: 30.0241%; height: 21px; border-style: hidden; border-color: #767a7d;\">Struktur<\/td>\n<td style=\"width: 29.3509%; height: 21px; border-style: hidden; border-color: #767a7d;\">Stahl<\/td>\n<\/tr>\n<\/tbody>\n<\/table>\n<p>Wird mit proportionaler Funksteuerung und Reinigungsschaber geliefert.<\/p>\n<p>Schurren aus Hardox 400<\/p>\n<p>Verwaltung des Mischers \u00fcber Funk<\/p>\n<p>&nbsp;<\/p>\n<p style=\"text-align: left;\"><span style=\"color: #ea5b0c;\"><strong>GARANTIERTE QUALIT\u00c4T UND LEISTUNG<\/strong><\/span><\/p>\n<p>\u2192 Leichtes und zuverl\u00e4ssiges System<\/p>\n<p>\u2192 Geringe Wartungskosten<\/p>\n<p>\u2192 Ein gro\u00dfes Liefergebiet, ohne den LKW zu bewegen (6m Teleskop).<\/p>\n<p>\u2192 Kettenkartierung f\u00fcr mehr Robustheit.<\/p>\n<p>\u2192Edelstahlgeh\u00e4use, widerstandsf\u00e4higer<\/p>\n<p>\u2192 Hochwertiger proportionaler Danfoss-Hydraulikverteiler<\/p>\n<p>&nbsp;<\/p>\n<p style=\"text-align: left;\"><strong><span style=\"color: #ea5b0c;\">ERGONOMISCHE UND SICHERE BAUSTELLEN<\/span><\/strong><\/p>\n<p>\u2192 Hohlstangenzylinder: macht sichtbare Schl\u00e4uche \u00fcberfl\u00fcssig.<\/p>\n<p>\u2192 Ergonomische Ver- und Entriegelung<\/p>\n<p>\u2192 Ergonomische Verschlussklappe<\/p>\n<p>\u2192 Schurrenverriegelung mit Benachrichtigung auf dem Armaturenbrett.<\/p>\n<p>&nbsp;<\/p>\n<p>&nbsp;<\/p>\n<p>&nbsp;<\/p>\n<p>Start Stop Motor<\/p>\n<p>Kann an einen vorhandenen Lkw angepasst werden<\/p>\n<p>&nbsp;<\/p>\n<p><span style=\"color: #ea5b0c;\"><strong>OPTION<\/strong><\/span><\/p>\n<p>Hochdruck-Waschmaschine<\/p>\n<h2><strong style=\"font-family: 'PT Sans', Helvetica, Arial, sans-serif; font-size: 14px;\"><img loading=\"lazy\" decoding=\"async\" class=\"wp-image-3687 aligncenter\" src=\"https:\/\/www.theam.com\/wp-content\/uploads\/2019\/08\/GT_picto.png\" alt=\"\" width=\"244\" height=\"238\" \/><\/strong><\/h2>\n<p>[\/vc_column_text][vc_empty_space][vc_btn title=&#8221;Cliquez ici pour trouver le convoyeur \u00e0 b\u00e9ton le plus adapt\u00e9 \u00e0 vos besoins&#8221; size=&#8221;lg&#8221; align=&#8221;center&#8221; i_icon_fontawesome=&#8221;fa fa-lightbulb-o&#8221; add_icon=&#8221;true&#8221; link=&#8221;url:https%3A%2F%2Fwww.theam.com%2Fbien-choisir-votre-solution-de-convoyage-beton%2F|title:Bien%20choisir%20votre%20solution%20de%20convoyage%20b%C3%A9ton||&#8221;][\/vc_column][\/vc_row]<\/p>\n","protected":false},"excerpt":{"rendered":"<p>Teleskopschurre 10m<\/p>\n","protected":false},"featured_media":3531,"comment_status":"closed","ping_status":"closed","template":"","meta":{"_acf_changed":false},"product_brand":[],"product_cat":[144,145],"product_tag":[],"class_list":{"0":"post-3548","1":"product","2":"type-product","3":"status-publish","4":"has-post-thumbnail","6":"product_cat-teleskopierbare-schurre","7":"product_cat-theam-beton","9":"first","10":"instock","11":"product-type-simple"},"acf":[],"yoast_head":"<!-- This site is optimized with the Yoast SEO plugin v27.4 - https:\/\/yoast.com\/product\/yoast-seo-wordpress\/ -->\n<title>GT10 - Theam<\/title>\n<meta name=\"description\" content=\"Mit der 10 m Teleskopschurre k\u00f6nnen Sie den Komfort Ihrer Fahrer erh\u00f6hen, indem Sie Ihren Kunden einen besseren Service bieten.\" \/>\n<meta name=\"robots\" content=\"index, follow, max-snippet:-1, max-image-preview:large, max-video-preview:-1\" \/>\n<link rel=\"canonical\" href=\"https:\/\/www.theam.com\/produit\/gt10\/\" \/>\n<meta property=\"og:locale\" content=\"de_DE\" \/>\n<meta property=\"og:type\" content=\"article\" \/>\n<meta property=\"og:title\" content=\"GT10 - Theam\" \/>\n<meta property=\"og:description\" content=\"Mit der 10 m Teleskopschurre k\u00f6nnen Sie den Komfort Ihrer Fahrer erh\u00f6hen, indem Sie Ihren Kunden einen besseren Service bieten.\" \/>\n<meta property=\"og:url\" content=\"https:\/\/www.theam.com\/produit\/gt10\/\" \/>\n<meta property=\"og:site_name\" content=\"Theam\" \/>\n<meta property=\"article:publisher\" content=\"https:\/\/www.facebook.com\/theamfrance\/\" \/>\n<meta property=\"article:modified_time\" content=\"2023-06-06T12:58:36+00:00\" \/>\n<meta property=\"og:image\" content=\"https:\/\/www.theam.com\/wp-content\/uploads\/2019\/02\/GT9-1024x576.jpg\" \/>\n\t<meta property=\"og:image:width\" content=\"1024\" \/>\n\t<meta property=\"og:image:height\" content=\"576\" \/>\n\t<meta property=\"og:image:type\" content=\"image\/jpeg\" \/>\n<meta name=\"twitter:card\" content=\"summary_large_image\" \/>\n<meta name=\"twitter:label1\" content=\"Gesch\u00e4tzte Lesezeit\" \/>\n\t<meta name=\"twitter:data1\" content=\"1 Minute\" \/>\n<script type=\"application\/ld+json\" class=\"yoast-schema-graph\">{\"@context\":\"https:\\\/\\\/schema.org\",\"@graph\":[{\"@type\":\"WebPage\",\"@id\":\"https:\\\/\\\/www.theam.com\\\/produit\\\/gt10\\\/\",\"url\":\"https:\\\/\\\/www.theam.com\\\/produit\\\/gt10\\\/\",\"name\":\"GT10 - Theam\",\"isPartOf\":{\"@id\":\"https:\\\/\\\/www.theam.com\\\/#website\"},\"primaryImageOfPage\":{\"@id\":\"https:\\\/\\\/www.theam.com\\\/produit\\\/gt10\\\/#primaryimage\"},\"image\":{\"@id\":\"https:\\\/\\\/www.theam.com\\\/produit\\\/gt10\\\/#primaryimage\"},\"thumbnailUrl\":\"https:\\\/\\\/www.theam.com\\\/wp-content\\\/uploads\\\/2019\\\/02\\\/GT9.jpg\",\"datePublished\":\"2019-02-12T14:50:20+00:00\",\"dateModified\":\"2023-06-06T12:58:36+00:00\",\"description\":\"Mit der 10 m Teleskopschurre k\u00f6nnen Sie den Komfort Ihrer Fahrer erh\u00f6hen, indem Sie Ihren Kunden einen besseren Service bieten.\",\"breadcrumb\":{\"@id\":\"https:\\\/\\\/www.theam.com\\\/produit\\\/gt10\\\/#breadcrumb\"},\"inLanguage\":\"de-DE\",\"potentialAction\":[{\"@type\":\"ReadAction\",\"target\":[\"https:\\\/\\\/www.theam.com\\\/produit\\\/gt10\\\/\"]}]},{\"@type\":\"ImageObject\",\"inLanguage\":\"de-DE\",\"@id\":\"https:\\\/\\\/www.theam.com\\\/produit\\\/gt10\\\/#primaryimage\",\"url\":\"https:\\\/\\\/www.theam.com\\\/wp-content\\\/uploads\\\/2019\\\/02\\\/GT9.jpg\",\"contentUrl\":\"https:\\\/\\\/www.theam.com\\\/wp-content\\\/uploads\\\/2019\\\/02\\\/GT9.jpg\",\"width\":5312,\"height\":2988},{\"@type\":\"BreadcrumbList\",\"@id\":\"https:\\\/\\\/www.theam.com\\\/produit\\\/gt10\\\/#breadcrumb\",\"itemListElement\":[{\"@type\":\"ListItem\",\"position\":1,\"name\":\"Accueil\",\"item\":\"https:\\\/\\\/www.theam.com\\\/de\\\/\"},{\"@type\":\"ListItem\",\"position\":2,\"name\":\"Produits\",\"item\":\"https:\\\/\\\/www.theam.com\\\/produits\\\/\"},{\"@type\":\"ListItem\",\"position\":3,\"name\":\"GT10\"}]},{\"@type\":\"WebSite\",\"@id\":\"https:\\\/\\\/www.theam.com\\\/#website\",\"url\":\"https:\\\/\\\/www.theam.com\\\/\",\"name\":\"Theam\",\"description\":\"Convoyeur de solutions\",\"potentialAction\":[{\"@type\":\"SearchAction\",\"target\":{\"@type\":\"EntryPoint\",\"urlTemplate\":\"https:\\\/\\\/www.theam.com\\\/?s={search_term_string}\"},\"query-input\":{\"@type\":\"PropertyValueSpecification\",\"valueRequired\":true,\"valueName\":\"search_term_string\"}}],\"inLanguage\":\"de-DE\"}]}<\/script>\n<!-- \/ Yoast SEO plugin. -->","yoast_head_json":{"title":"GT10 - Theam","description":"Mit der 10 m Teleskopschurre k\u00f6nnen Sie den Komfort Ihrer Fahrer erh\u00f6hen, indem Sie Ihren Kunden einen besseren Service bieten.","robots":{"index":"index","follow":"follow","max-snippet":"max-snippet:-1","max-image-preview":"max-image-preview:large","max-video-preview":"max-video-preview:-1"},"canonical":"https:\/\/www.theam.com\/produit\/gt10\/","og_locale":"de_DE","og_type":"article","og_title":"GT10 - Theam","og_description":"Mit der 10 m Teleskopschurre k\u00f6nnen Sie den Komfort Ihrer Fahrer erh\u00f6hen, indem Sie Ihren Kunden einen besseren Service bieten.","og_url":"https:\/\/www.theam.com\/produit\/gt10\/","og_site_name":"Theam","article_publisher":"https:\/\/www.facebook.com\/theamfrance\/","article_modified_time":"2023-06-06T12:58:36+00:00","og_image":[{"width":1024,"height":576,"url":"https:\/\/www.theam.com\/wp-content\/uploads\/2019\/02\/GT9-1024x576.jpg","type":"image\/jpeg"}],"twitter_card":"summary_large_image","twitter_misc":{"Gesch\u00e4tzte Lesezeit":"1 Minute"},"schema":{"@context":"https:\/\/schema.org","@graph":[{"@type":"WebPage","@id":"https:\/\/www.theam.com\/produit\/gt10\/","url":"https:\/\/www.theam.com\/produit\/gt10\/","name":"GT10 - Theam","isPartOf":{"@id":"https:\/\/www.theam.com\/#website"},"primaryImageOfPage":{"@id":"https:\/\/www.theam.com\/produit\/gt10\/#primaryimage"},"image":{"@id":"https:\/\/www.theam.com\/produit\/gt10\/#primaryimage"},"thumbnailUrl":"https:\/\/www.theam.com\/wp-content\/uploads\/2019\/02\/GT9.jpg","datePublished":"2019-02-12T14:50:20+00:00","dateModified":"2023-06-06T12:58:36+00:00","description":"Mit der 10 m Teleskopschurre k\u00f6nnen Sie den Komfort Ihrer Fahrer erh\u00f6hen, indem Sie Ihren Kunden einen besseren Service bieten.","breadcrumb":{"@id":"https:\/\/www.theam.com\/produit\/gt10\/#breadcrumb"},"inLanguage":"de-DE","potentialAction":[{"@type":"ReadAction","target":["https:\/\/www.theam.com\/produit\/gt10\/"]}]},{"@type":"ImageObject","inLanguage":"de-DE","@id":"https:\/\/www.theam.com\/produit\/gt10\/#primaryimage","url":"https:\/\/www.theam.com\/wp-content\/uploads\/2019\/02\/GT9.jpg","contentUrl":"https:\/\/www.theam.com\/wp-content\/uploads\/2019\/02\/GT9.jpg","width":5312,"height":2988},{"@type":"BreadcrumbList","@id":"https:\/\/www.theam.com\/produit\/gt10\/#breadcrumb","itemListElement":[{"@type":"ListItem","position":1,"name":"Accueil","item":"https:\/\/www.theam.com\/de\/"},{"@type":"ListItem","position":2,"name":"Produits","item":"https:\/\/www.theam.com\/produits\/"},{"@type":"ListItem","position":3,"name":"GT10"}]},{"@type":"WebSite","@id":"https:\/\/www.theam.com\/#website","url":"https:\/\/www.theam.com\/","name":"Theam","description":"Convoyeur de solutions","potentialAction":[{"@type":"SearchAction","target":{"@type":"EntryPoint","urlTemplate":"https:\/\/www.theam.com\/?s={search_term_string}"},"query-input":{"@type":"PropertyValueSpecification","valueRequired":true,"valueName":"search_term_string"}}],"inLanguage":"de-DE"}]}},"_links":{"self":[{"href":"https:\/\/www.theam.com\/de\/wp-json\/wp\/v2\/product\/3548","targetHints":{"allow":["GET"]}}],"collection":[{"href":"https:\/\/www.theam.com\/de\/wp-json\/wp\/v2\/product"}],"about":[{"href":"https:\/\/www.theam.com\/de\/wp-json\/wp\/v2\/types\/product"}],"replies":[{"embeddable":true,"href":"https:\/\/www.theam.com\/de\/wp-json\/wp\/v2\/comments?post=3548"}],"wp:featuredmedia":[{"embeddable":true,"href":"https:\/\/www.theam.com\/de\/wp-json\/wp\/v2\/media\/3531"}],"wp:attachment":[{"href":"https:\/\/www.theam.com\/de\/wp-json\/wp\/v2\/media?parent=3548"}],"wp:term":[{"taxonomy":"product_brand","embeddable":true,"href":"https:\/\/www.theam.com\/de\/wp-json\/wp\/v2\/product_brand?post=3548"},{"taxonomy":"product_cat","embeddable":true,"href":"https:\/\/www.theam.com\/de\/wp-json\/wp\/v2\/product_cat?post=3548"},{"taxonomy":"product_tag","embeddable":true,"href":"https:\/\/www.theam.com\/de\/wp-json\/wp\/v2\/product_tag?post=3548"}],"curies":[{"name":"wp","href":"https:\/\/api.w.org\/{rel}","templated":true}]}}