{"id":5836,"date":"2023-04-27T10:42:12","date_gmt":"2023-04-27T09:42:12","guid":{"rendered":"https:\/\/www.theam.com\/?post_type=product&#038;p=5836"},"modified":"2023-04-27T10:44:01","modified_gmt":"2023-04-27T09:44:01","slug":"abnehmbares-system","status":"publish","type":"product","link":"https:\/\/www.theam.com\/de\/produit\/abnehmbares-system\/","title":{"rendered":"abnehmbares System"},"content":{"rendered":"<p>[vc_row][vc_column][vc_video link=&#8221;https:\/\/www.youtube.com\/watch?v=FIAxFTh99Jg&#8221; el_width=&#8221;70&#8243; align=&#8221;center&#8221;][\/vc_column][\/vc_row][vc_row][vc_column][vc_empty_space][vc_column_text]<span style=\"color: #ff6600;\"><strong>RENTABILIT\u00c4T<\/strong><\/span><\/p>\n<table style=\"border-collapse: collapse; width: 122.625%;\">\n<tbody>\n<tr>\n<td style=\"width: 87.8842%;\"><span style=\"font-family: inherit; font-size: inherit;\">\u2192 Maximieren Sie die Ladekapazit\u00e4t Ihres LKWs, indem Sie NUR das transportieren, was Sie wirklich brauchen. Auf der Baustelle wird kein F\u00f6rderband ben\u00f6tigt? Sie k\u00f6nnen sie entfernen und die Gelegenheit nutzen, um die Menge an Beton zu erh\u00f6hen, die der LKW transportiert.<\/span><\/p>\n<p>\u2192 Das An- und\/oder Abh\u00e4ngen Ihres F\u00f6rderbandes vom LKW braucht nur 5 min !<\/td>\n<td style=\"width: 34.7408%;\"><img loading=\"lazy\" decoding=\"async\" class=\"aligncenter wp-image-5948\" src=\"https:\/\/www.theam.com\/wp-content\/uploads\/2023\/04\/5-500x355.png\" alt=\"camion avec et sans tapis\" width=\"131\" height=\"93\" srcset=\"https:\/\/www.theam.com\/wp-content\/uploads\/2023\/04\/5-500x355.png 500w, https:\/\/www.theam.com\/wp-content\/uploads\/2023\/04\/5-768x545.png 768w, https:\/\/www.theam.com\/wp-content\/uploads\/2023\/04\/5-1536x1090.png 1536w, https:\/\/www.theam.com\/wp-content\/uploads\/2023\/04\/5-600x426.png 600w, https:\/\/www.theam.com\/wp-content\/uploads\/2023\/04\/5.png 1748w\" sizes=\"auto, (max-width: 131px) 100vw, 131px\" \/><\/td>\n<\/tr>\n<\/tbody>\n<\/table>\n<p>[\/vc_column_text][\/vc_column][\/vc_row][vc_row][vc_column][vc_empty_space][vc_column_text]<span style=\"color: #ff6600;\"><strong>KOMFORT \/ ERGONOMIE<\/strong><\/span><\/p>\n<table style=\"border-collapse: collapse; width: 124.25%;\">\n<tbody>\n<tr>\n<td style=\"width: 87.2625%;\">\u2192 Neues ergonomisches und kompaktes System: Das abnehmbare F\u00f6rderband hat den gleichen \u00dcberhang wie das feststehende Band.<\/p>\n<p>\u2192 Zentrale Steuerung Ihrer Maschine durch das Easy-System (verf\u00fcgbar in der Sprache des Benutzers)<\/td>\n<td style=\"width: 36.9875%;\"><img loading=\"lazy\" decoding=\"async\" class=\"aligncenter wp-image-5829\" src=\"https:\/\/www.theam.com\/wp-content\/uploads\/2023\/02\/easy-system-500x356.png\" alt=\"\" width=\"124\" height=\"88\" srcset=\"https:\/\/www.theam.com\/wp-content\/uploads\/2023\/02\/easy-system-500x356.png 500w, https:\/\/www.theam.com\/wp-content\/uploads\/2023\/02\/easy-system-768x547.png 768w, https:\/\/www.theam.com\/wp-content\/uploads\/2023\/02\/easy-system-600x427.png 600w, https:\/\/www.theam.com\/wp-content\/uploads\/2023\/02\/easy-system.png 1352w\" sizes=\"auto, (max-width: 124px) 100vw, 124px\" \/><\/td>\n<\/tr>\n<\/tbody>\n<\/table>\n<p>[\/vc_column_text][\/vc_column][vc_empty_space][\/vc_row][vc_row][vc_column][vc_empty_space][vc_column_text]<span style=\"color: #ff6600;\"><strong>SICHERHEIT<\/strong><\/span><\/p>\n<table style=\"border-collapse: collapse; width: 132%;\">\n<tbody>\n<tr>\n<td style=\"width: 86.6464%;\">\u2192 Der Unterfahrschutz bleibt immer am Fahrzeug. Das Anheben und Verriegeln erfolgt hydraulisch: Der Fahrer muss nichts tragen!<\/p>\n<p>\u2192 Abst\u00fctzungverriegelung<\/p>\n<p>\u2192 Sensoren, die anzeigen, ob die Einheit richtig verriegelt ist und die Position des Unterfahrschutzes anzeigen (Anzeige auf dem Armaturenbrett). Weitere Sensoren (ausgefahrene St\u00fctzen, Vorbau) sind optional.<\/td>\n<td style=\"width: 44.5117%;\"><img loading=\"lazy\" decoding=\"async\" class=\"wp-image-5801 alignright\" src=\"https:\/\/www.theam.com\/wp-content\/uploads\/2023\/02\/20221007_153929-500x375.jpg\" alt=\"BAE nouveau syst\u00e8me amovible\" width=\"125\" height=\"94\" srcset=\"https:\/\/www.theam.com\/wp-content\/uploads\/2023\/02\/20221007_153929-500x375.jpg 500w, https:\/\/www.theam.com\/wp-content\/uploads\/2023\/02\/20221007_153929-1920x1440.jpg 1920w, https:\/\/www.theam.com\/wp-content\/uploads\/2023\/02\/20221007_153929-768x576.jpg 768w, https:\/\/www.theam.com\/wp-content\/uploads\/2023\/02\/20221007_153929-1536x1152.jpg 1536w, https:\/\/www.theam.com\/wp-content\/uploads\/2023\/02\/20221007_153929-2048x1536.jpg 2048w, https:\/\/www.theam.com\/wp-content\/uploads\/2023\/02\/20221007_153929-360x271.jpg 360w, https:\/\/www.theam.com\/wp-content\/uploads\/2023\/02\/20221007_153929-370x281.jpg 370w, https:\/\/www.theam.com\/wp-content\/uploads\/2023\/02\/20221007_153929-110x84.jpg 110w, https:\/\/www.theam.com\/wp-content\/uploads\/2023\/02\/20221007_153929-600x450.jpg 600w\" sizes=\"auto, (max-width: 125px) 100vw, 125px\" \/><\/p>\n<p style=\"text-align: left;\"><img loading=\"lazy\" decoding=\"async\" class=\"wp-image-5846 alignright\" src=\"https:\/\/www.theam.com\/wp-content\/uploads\/2023\/02\/IMG_0353-500x333.jpg\" alt=\"verrouillage de la b\u00e9quille de l'amovible\" width=\"125\" height=\"83\" srcset=\"https:\/\/www.theam.com\/wp-content\/uploads\/2023\/02\/IMG_0353-500x333.jpg 500w, https:\/\/www.theam.com\/wp-content\/uploads\/2023\/02\/IMG_0353-1920x1280.jpg 1920w, https:\/\/www.theam.com\/wp-content\/uploads\/2023\/02\/IMG_0353-768x512.jpg 768w, https:\/\/www.theam.com\/wp-content\/uploads\/2023\/02\/IMG_0353-1536x1024.jpg 1536w, https:\/\/www.theam.com\/wp-content\/uploads\/2023\/02\/IMG_0353-2048x1365.jpg 2048w, https:\/\/www.theam.com\/wp-content\/uploads\/2023\/02\/IMG_0353-360x243.jpg 360w, https:\/\/www.theam.com\/wp-content\/uploads\/2023\/02\/IMG_0353-600x400.jpg 600w\" sizes=\"auto, (max-width: 125px) 100vw, 125px\" \/><\/p>\n<\/td>\n<\/tr>\n<\/tbody>\n<\/table>\n<p>[\/vc_column_text][\/vc_column][vc_empty_space][\/vc_row][vc_row][vc_column][vc_empty_space][\/vc_column][vc_column][vc_column_text]Abnehmbares System verf\u00fcgbar f\u00fcr <a href=\"https:\/\/www.theam.com\/de\/categorie-produit\/theam-beton\/foerderbaender\/\">alle unsere F\u00f6rderb\u00e4nder<\/a>.[\/vc_column_text][vc_empty_space][\/vc_column][\/vc_row][vc_row][vc_column width=&#8221;1\/3&#8243;][vc_single_image image=&#8221;5813&#8243; img_size=&#8221;150&#215;150&#8243; alignment=&#8221;center&#8221; style=&#8221;vc_box_shadow&#8221; css=&#8221;.vc_custom_1675757517771{background-color: #ffffff !important;}&#8221;][vc_column_text]<\/p>\n<h4 style=\"text-align: center;\"><span style=\"color: #ea5b0c;\">RENTABILIT\u00c4T<\/span><\/h4>\n<p>[\/vc_column_text][\/vc_column][vc_column width=&#8221;1\/3&#8243;][vc_single_image image=&#8221;5819&#8243; img_size=&#8221;150&#215;150&#8243; alignment=&#8221;center&#8221; style=&#8221;vc_box_shadow&#8221;][vc_column_text]<\/p>\n<h4 style=\"text-align: center;\"><span style=\"color: #ea5b0c;\">KOMFORT<\/span><\/h4>\n<p>[\/vc_column_text][\/vc_column][vc_column width=&#8221;1\/3&#8243;][vc_single_image image=&#8221;5816&#8243; img_size=&#8221;145&#215;145&#8243; alignment=&#8221;center&#8221; style=&#8221;vc_box_shadow&#8221;][vc_empty_space height=&#8221;8px&#8221;][vc_column_text]<\/p>\n<h4 style=\"text-align: center;\"><span style=\"color: #ea5b0c;\">SICHERHEIT<\/span><\/h4>\n<p>[\/vc_column_text][\/vc_column][\/vc_row]<\/p>\n","protected":false},"excerpt":{"rendered":"<p>Vielseitiges System, optimiert f\u00fcr die Bed\u00fcrfnisse jeder Baustelle<\/p>\n","protected":false},"featured_media":5788,"comment_status":"closed","ping_status":"closed","template":"","meta":{"_acf_changed":false},"product_brand":[],"product_cat":[145,152],"product_tag":[],"class_list":{"0":"post-5836","1":"product","2":"type-product","3":"status-publish","4":"has-post-thumbnail","6":"product_cat-theam-beton","7":"product_cat-foerderbaender","9":"first","10":"instock","11":"shipping-taxable","12":"product-type-simple"},"acf":[],"yoast_head":"<!-- This site is optimized with the Yoast SEO plugin v27.4 - https:\/\/yoast.com\/product\/yoast-seo-wordpress\/ -->\n<title>abnehmbares System - Theam<\/title>\n<meta name=\"description\" content=\"Maximieren Sie Ihre Ladekapazit\u00e4t mit der herausnehmbaren F\u00f6rderband! H\u00e4ngen Sie Ihre F\u00f6rderband auf oder nehmen Sie sie ab, damit Sie nur das transportieren, was Sie brauchen!\" \/>\n<meta name=\"robots\" content=\"index, follow, max-snippet:-1, max-image-preview:large, max-video-preview:-1\" \/>\n<link rel=\"canonical\" href=\"https:\/\/www.theam.com\/de\/produit\/abnehmbares-system\/\" \/>\n<meta property=\"og:locale\" content=\"de_DE\" \/>\n<meta property=\"og:type\" content=\"article\" \/>\n<meta property=\"og:title\" content=\"abnehmbares System - Theam\" \/>\n<meta property=\"og:description\" content=\"Maximieren Sie Ihre Ladekapazit\u00e4t mit der herausnehmbaren F\u00f6rderband! H\u00e4ngen Sie Ihre F\u00f6rderband auf oder nehmen Sie sie ab, damit Sie nur das transportieren, was Sie brauchen!\" \/>\n<meta property=\"og:url\" content=\"https:\/\/www.theam.com\/de\/produit\/abnehmbares-system\/\" \/>\n<meta property=\"og:site_name\" content=\"Theam\" \/>\n<meta property=\"article:publisher\" content=\"https:\/\/www.facebook.com\/theamfrance\/\" \/>\n<meta property=\"article:modified_time\" content=\"2023-04-27T09:44:01+00:00\" \/>\n<meta property=\"og:image\" content=\"https:\/\/www.theam.com\/wp-content\/uploads\/2023\/02\/dji_fly_20230113_154425_0_1673624181983_video_cache.mp4.00_00_29_00.Still001.png\" \/>\n\t<meta property=\"og:image:width\" content=\"1119\" \/>\n\t<meta property=\"og:image:height\" content=\"524\" \/>\n\t<meta property=\"og:image:type\" content=\"image\/png\" \/>\n<meta name=\"twitter:card\" content=\"summary_large_image\" \/>\n<meta name=\"twitter:label1\" content=\"Gesch\u00e4tzte Lesezeit\" \/>\n\t<meta name=\"twitter:data1\" content=\"2 Minuten\" \/>\n<script type=\"application\/ld+json\" class=\"yoast-schema-graph\">{\"@context\":\"https:\\\/\\\/schema.org\",\"@graph\":[{\"@type\":\"WebPage\",\"@id\":\"https:\\\/\\\/www.theam.com\\\/de\\\/produit\\\/abnehmbares-system\\\/\",\"url\":\"https:\\\/\\\/www.theam.com\\\/de\\\/produit\\\/abnehmbares-system\\\/\",\"name\":\"abnehmbares System - Theam\",\"isPartOf\":{\"@id\":\"https:\\\/\\\/www.theam.com\\\/#website\"},\"primaryImageOfPage\":{\"@id\":\"https:\\\/\\\/www.theam.com\\\/de\\\/produit\\\/abnehmbares-system\\\/#primaryimage\"},\"image\":{\"@id\":\"https:\\\/\\\/www.theam.com\\\/de\\\/produit\\\/abnehmbares-system\\\/#primaryimage\"},\"thumbnailUrl\":\"https:\\\/\\\/www.theam.com\\\/wp-content\\\/uploads\\\/2023\\\/02\\\/dji_fly_20230113_154425_0_1673624181983_video_cache.mp4.00_00_29_00.Still001.png\",\"datePublished\":\"2023-04-27T09:42:12+00:00\",\"dateModified\":\"2023-04-27T09:44:01+00:00\",\"description\":\"Maximieren Sie Ihre Ladekapazit\u00e4t mit der herausnehmbaren F\u00f6rderband! H\u00e4ngen Sie Ihre F\u00f6rderband auf oder nehmen Sie sie ab, damit Sie nur das transportieren, was Sie brauchen!\",\"breadcrumb\":{\"@id\":\"https:\\\/\\\/www.theam.com\\\/de\\\/produit\\\/abnehmbares-system\\\/#breadcrumb\"},\"inLanguage\":\"de-DE\",\"potentialAction\":[{\"@type\":\"ReadAction\",\"target\":[\"https:\\\/\\\/www.theam.com\\\/de\\\/produit\\\/abnehmbares-system\\\/\"]}]},{\"@type\":\"ImageObject\",\"inLanguage\":\"de-DE\",\"@id\":\"https:\\\/\\\/www.theam.com\\\/de\\\/produit\\\/abnehmbares-system\\\/#primaryimage\",\"url\":\"https:\\\/\\\/www.theam.com\\\/wp-content\\\/uploads\\\/2023\\\/02\\\/dji_fly_20230113_154425_0_1673624181983_video_cache.mp4.00_00_29_00.Still001.png\",\"contentUrl\":\"https:\\\/\\\/www.theam.com\\\/wp-content\\\/uploads\\\/2023\\\/02\\\/dji_fly_20230113_154425_0_1673624181983_video_cache.mp4.00_00_29_00.Still001.png\",\"width\":1119,\"height\":524,\"caption\":\"tapis amovible d\u00e9tach\u00e9 du camion\"},{\"@type\":\"BreadcrumbList\",\"@id\":\"https:\\\/\\\/www.theam.com\\\/de\\\/produit\\\/abnehmbares-system\\\/#breadcrumb\",\"itemListElement\":[{\"@type\":\"ListItem\",\"position\":1,\"name\":\"Accueil\",\"item\":\"https:\\\/\\\/www.theam.com\\\/de\\\/\"},{\"@type\":\"ListItem\",\"position\":2,\"name\":\"Produits\",\"item\":\"https:\\\/\\\/www.theam.com\\\/produits\\\/\"},{\"@type\":\"ListItem\",\"position\":3,\"name\":\"abnehmbares System\"}]},{\"@type\":\"WebSite\",\"@id\":\"https:\\\/\\\/www.theam.com\\\/#website\",\"url\":\"https:\\\/\\\/www.theam.com\\\/\",\"name\":\"Theam\",\"description\":\"Convoyeur de solutions\",\"potentialAction\":[{\"@type\":\"SearchAction\",\"target\":{\"@type\":\"EntryPoint\",\"urlTemplate\":\"https:\\\/\\\/www.theam.com\\\/?s={search_term_string}\"},\"query-input\":{\"@type\":\"PropertyValueSpecification\",\"valueRequired\":true,\"valueName\":\"search_term_string\"}}],\"inLanguage\":\"de-DE\"}]}<\/script>\n<!-- \/ Yoast SEO plugin. -->","yoast_head_json":{"title":"abnehmbares System - Theam","description":"Maximieren Sie Ihre Ladekapazit\u00e4t mit der herausnehmbaren F\u00f6rderband! H\u00e4ngen Sie Ihre F\u00f6rderband auf oder nehmen Sie sie ab, damit Sie nur das transportieren, was Sie brauchen!","robots":{"index":"index","follow":"follow","max-snippet":"max-snippet:-1","max-image-preview":"max-image-preview:large","max-video-preview":"max-video-preview:-1"},"canonical":"https:\/\/www.theam.com\/de\/produit\/abnehmbares-system\/","og_locale":"de_DE","og_type":"article","og_title":"abnehmbares System - Theam","og_description":"Maximieren Sie Ihre Ladekapazit\u00e4t mit der herausnehmbaren F\u00f6rderband! H\u00e4ngen Sie Ihre F\u00f6rderband auf oder nehmen Sie sie ab, damit Sie nur das transportieren, was Sie brauchen!","og_url":"https:\/\/www.theam.com\/de\/produit\/abnehmbares-system\/","og_site_name":"Theam","article_publisher":"https:\/\/www.facebook.com\/theamfrance\/","article_modified_time":"2023-04-27T09:44:01+00:00","og_image":[{"width":1119,"height":524,"url":"https:\/\/www.theam.com\/wp-content\/uploads\/2023\/02\/dji_fly_20230113_154425_0_1673624181983_video_cache.mp4.00_00_29_00.Still001.png","type":"image\/png"}],"twitter_card":"summary_large_image","twitter_misc":{"Gesch\u00e4tzte Lesezeit":"2 Minuten"},"schema":{"@context":"https:\/\/schema.org","@graph":[{"@type":"WebPage","@id":"https:\/\/www.theam.com\/de\/produit\/abnehmbares-system\/","url":"https:\/\/www.theam.com\/de\/produit\/abnehmbares-system\/","name":"abnehmbares System - Theam","isPartOf":{"@id":"https:\/\/www.theam.com\/#website"},"primaryImageOfPage":{"@id":"https:\/\/www.theam.com\/de\/produit\/abnehmbares-system\/#primaryimage"},"image":{"@id":"https:\/\/www.theam.com\/de\/produit\/abnehmbares-system\/#primaryimage"},"thumbnailUrl":"https:\/\/www.theam.com\/wp-content\/uploads\/2023\/02\/dji_fly_20230113_154425_0_1673624181983_video_cache.mp4.00_00_29_00.Still001.png","datePublished":"2023-04-27T09:42:12+00:00","dateModified":"2023-04-27T09:44:01+00:00","description":"Maximieren Sie Ihre Ladekapazit\u00e4t mit der herausnehmbaren F\u00f6rderband! H\u00e4ngen Sie Ihre F\u00f6rderband auf oder nehmen Sie sie ab, damit Sie nur das transportieren, was Sie brauchen!","breadcrumb":{"@id":"https:\/\/www.theam.com\/de\/produit\/abnehmbares-system\/#breadcrumb"},"inLanguage":"de-DE","potentialAction":[{"@type":"ReadAction","target":["https:\/\/www.theam.com\/de\/produit\/abnehmbares-system\/"]}]},{"@type":"ImageObject","inLanguage":"de-DE","@id":"https:\/\/www.theam.com\/de\/produit\/abnehmbares-system\/#primaryimage","url":"https:\/\/www.theam.com\/wp-content\/uploads\/2023\/02\/dji_fly_20230113_154425_0_1673624181983_video_cache.mp4.00_00_29_00.Still001.png","contentUrl":"https:\/\/www.theam.com\/wp-content\/uploads\/2023\/02\/dji_fly_20230113_154425_0_1673624181983_video_cache.mp4.00_00_29_00.Still001.png","width":1119,"height":524,"caption":"tapis amovible d\u00e9tach\u00e9 du camion"},{"@type":"BreadcrumbList","@id":"https:\/\/www.theam.com\/de\/produit\/abnehmbares-system\/#breadcrumb","itemListElement":[{"@type":"ListItem","position":1,"name":"Accueil","item":"https:\/\/www.theam.com\/de\/"},{"@type":"ListItem","position":2,"name":"Produits","item":"https:\/\/www.theam.com\/produits\/"},{"@type":"ListItem","position":3,"name":"abnehmbares System"}]},{"@type":"WebSite","@id":"https:\/\/www.theam.com\/#website","url":"https:\/\/www.theam.com\/","name":"Theam","description":"Convoyeur de solutions","potentialAction":[{"@type":"SearchAction","target":{"@type":"EntryPoint","urlTemplate":"https:\/\/www.theam.com\/?s={search_term_string}"},"query-input":{"@type":"PropertyValueSpecification","valueRequired":true,"valueName":"search_term_string"}}],"inLanguage":"de-DE"}]}},"_links":{"self":[{"href":"https:\/\/www.theam.com\/de\/wp-json\/wp\/v2\/product\/5836","targetHints":{"allow":["GET"]}}],"collection":[{"href":"https:\/\/www.theam.com\/de\/wp-json\/wp\/v2\/product"}],"about":[{"href":"https:\/\/www.theam.com\/de\/wp-json\/wp\/v2\/types\/product"}],"replies":[{"embeddable":true,"href":"https:\/\/www.theam.com\/de\/wp-json\/wp\/v2\/comments?post=5836"}],"wp:featuredmedia":[{"embeddable":true,"href":"https:\/\/www.theam.com\/de\/wp-json\/wp\/v2\/media\/5788"}],"wp:attachment":[{"href":"https:\/\/www.theam.com\/de\/wp-json\/wp\/v2\/media?parent=5836"}],"wp:term":[{"taxonomy":"product_brand","embeddable":true,"href":"https:\/\/www.theam.com\/de\/wp-json\/wp\/v2\/product_brand?post=5836"},{"taxonomy":"product_cat","embeddable":true,"href":"https:\/\/www.theam.com\/de\/wp-json\/wp\/v2\/product_cat?post=5836"},{"taxonomy":"product_tag","embeddable":true,"href":"https:\/\/www.theam.com\/de\/wp-json\/wp\/v2\/product_tag?post=5836"}],"curies":[{"name":"wp","href":"https:\/\/api.w.org\/{rel}","templated":true}]}}